 {"id":861,"date":"2023-06-13T14:01:34","date_gmt":"2023-06-13T17:01:34","guid":{"rendered":"https:\/\/abq-ap.org.br\/slaq2023\/?page_id=861"},"modified":"2023-06-13T14:35:47","modified_gmt":"2023-06-13T17:35:47","slug":"material-de-divulgacao","status":"publish","type":"page","link":"https:\/\/abq-ap.org.br\/slaq2023\/material-de-divulgacao\/","title":{"rendered":"MATERIAL DE DIVULGA\u00c7\u00c3O"},"content":{"rendered":"\t\t<div data-elementor-type=\"wp-page\" data-elementor-id=\"861\" class=\"elementor elementor-861\">\n\t\t\t\t\t\t\t\t\t<section class=\"elementor-section elementor-top-section elementor-element elementor-element-21263f2f elementor-section-boxed elementor-section-height-default elementor-section-height-default\" data-id=\"21263f2f\" data-element_type=\"section\">\n\t\t\t\t\t\t<div class=\"elementor-container elementor-column-gap-default\">\n\t\t\t\t\t<div class=\"elementor-column elementor-col-100 elementor-top-column elementor-element elementor-element-32af5a68\" data-id=\"32af5a68\" data-element_type=\"column\">\n\t\t\t<div class=\"elementor-widget-wrap elementor-element-populated\">\n\t\t\t\t\t\t\t\t<div class=\"elementor-element elementor-element-7dc7d876 eael_simple_menu_hamburger_disable_selected_menu_no eael-simple-menu-hamburger-align-right eael-hamburger--tablet elementor-widget elementor-widget-eael-simple-menu\" data-id=\"7dc7d876\" data-element_type=\"widget\" data-widget_type=\"eael-simple-menu.default\">\n\t\t\t\t<div class=\"elementor-widget-container\">\n\t\t\t<div data-hamburger-icon=\"&lt;i aria-hidden=&quot;true&quot; class=&quot;fas fa-bars&quot;&gt;&lt;\/i&gt;\" data-indicator-class=\"fas fa-angle-down\" data-dropdown-indicator-class=\"fas fa-angle-down\" class=\"eael-simple-menu-container eael-simple-menu-align-left eael-simple-menu-dropdown-align-left preset-1\" data-hamburger-breakpoints=\"{&quot;mobile&quot;:&quot;Celular em modo retrato (&gt; 767px)&quot;,&quot;tablet&quot;:&quot;Tablet Portrait (&gt; 1024px)&quot;,&quot;desktop&quot;:&quot;Desktop (&gt; 2400px)&quot;,&quot;none&quot;:&quot;None&quot;}\" data-hamburger-device=\"tablet\"><ul id=\"menu-main-menu\" class=\"eael-simple-menu eael-simple-menu-dropdown-animate-to-top eael-simple-menu-indicator eael-simple-menu-horizontal\"><li id=\"menu-item-207\" class=\"menu-item menu-item-type-post_type menu-item-object-page menu-item-home menu-item-207\"><a href=\"https:\/\/abq-ap.org.br\/slaq2023\/\" class=\"menu-link\">IN\u00cdCIO<\/a><\/li>\n<li id=\"menu-item-609\" class=\"menu-item menu-item-type-custom menu-item-object-custom menu-item-has-children menu-item-609\"><a href=\"#\" class=\"menu-link\">SOBRE<span role=\"application\" class=\"dropdown-menu-toggle ast-header-navigation-arrow\" tabindex=\"0\" aria-expanded=\"false\" aria-label=\"Alternar menu\" ><\/span><\/a>\n<ul class=\"sub-menu\">\n\t<li id=\"menu-item-791\" class=\"menu-item menu-item-type-post_type menu-item-object-page menu-item-791\"><a href=\"https:\/\/abq-ap.org.br\/slaq2023\/palestrantes-e-convidados\/\" class=\"menu-link\">PALESTRANTES E CONVIDADOS<\/a><\/li>\n\t<li id=\"menu-item-873\" class=\"menu-item menu-item-type-post_type menu-item-object-page menu-item-873\"><a href=\"https:\/\/abq-ap.org.br\/slaq2023\/material-de-divulgacao\/\" class=\"menu-link\">MATERIAL DE DIVULGA\u00c7\u00c3O<\/a><\/li>\n<\/ul>\n<\/li>\n<li id=\"menu-item-608\" class=\"menu-item menu-item-type-post_type menu-item-object-page menu-item-608\"><a href=\"https:\/\/abq-ap.org.br\/slaq2023\/programacao\/\" class=\"menu-link\">PROGRAMA\u00c7\u00c3O<\/a><\/li>\n<li id=\"menu-item-610\" class=\"menu-item menu-item-type-custom menu-item-object-custom menu-item-has-children menu-item-610\"><a href=\"#\" class=\"menu-link\">\u00c1REA DO PARTICIPANTE<span role=\"application\" class=\"dropdown-menu-toggle ast-header-navigation-arrow\" tabindex=\"0\" aria-expanded=\"false\" aria-label=\"Alternar menu\" ><\/span><\/a>\n<ul class=\"sub-menu\">\n\t<li id=\"menu-item-607\" class=\"menu-item menu-item-type-post_type menu-item-object-page menu-item-607\"><a href=\"https:\/\/abq-ap.org.br\/slaq2023\/participante\/\" class=\"menu-link\">INSCRI\u00c7\u00c3O<\/a><\/li>\n\t<li id=\"menu-item-611\" class=\"menu-item menu-item-type-custom menu-item-object-custom menu-item-611\"><a href=\"https:\/\/www.even3.com.br\/evento\/login?evento=2_slaq&#038;lang=pt\" class=\"menu-link\">LOGIN<\/a><\/li>\n\t<li id=\"menu-item-612\" class=\"menu-item menu-item-type-custom menu-item-object-custom menu-item-612\"><a href=\"https:\/\/www.even3.com.br\/streaming\/2_slaq\/\" class=\"menu-link\">LINK DE TRANSMISS\u00c3O<\/a><\/li>\n<\/ul>\n<\/li>\n<li id=\"menu-item-613\" class=\"menu-item menu-item-type-custom menu-item-object-custom menu-item-has-children menu-item-613\"><a href=\"#\" class=\"menu-link\">SUBMISS\u00c3O<span role=\"application\" class=\"dropdown-menu-toggle ast-header-navigation-arrow\" tabindex=\"0\" aria-expanded=\"false\" aria-label=\"Alternar menu\" ><\/span><\/a>\n<ul class=\"sub-menu\">\n\t<li id=\"menu-item-614\" class=\"menu-item menu-item-type-custom menu-item-object-custom menu-item-614\"><a href=\"http:\/\/abq-ap.org.br\/slaq2023\/wp-content\/uploads\/2023\/04\/00.REGRAS-GERAIS-PARA-SUBMISSAO-DE-RESUMOS_SLAQ_2023.pdf\" class=\"menu-link\">REGRAS GERAIS<\/a><\/li>\n\t<li id=\"menu-item-615\" class=\"menu-item menu-item-type-custom menu-item-object-custom menu-item-615\"><a href=\"http:\/\/abq-ap.org.br\/slaq2023\/wp-content\/uploads\/2023\/04\/01.Modelo_Resumo_SLAQ2023.docx\" class=\"menu-link\">MODELO DE TRABALHO CIENT\u00cdFICO<\/a><\/li>\n\t<li id=\"menu-item-616\" class=\"menu-item menu-item-type-custom menu-item-object-custom menu-item-616\"><a href=\"http:\/\/abq-ap.org.br\/slaq2023\/wp-content\/uploads\/2023\/04\/02.Template_apresentacao-Oral_SLAQ2023.pptx\" class=\"menu-link\">MODELO APRESENTA\u00c7\u00c3O ORAL<\/a><\/li>\n\t<li id=\"menu-item-606\" class=\"menu-item menu-item-type-post_type menu-item-object-page menu-item-606\"><a href=\"https:\/\/abq-ap.org.br\/slaq2023\/submissao\/\" class=\"menu-link\">SUBMISS\u00c3O DE TRABALHO<\/a><\/li>\n<\/ul>\n<\/li>\n<li id=\"menu-item-1070\" class=\"menu-item menu-item-type-post_type menu-item-object-page menu-item-1070\"><a href=\"https:\/\/abq-ap.org.br\/slaq2023\/resumos-aceitos\/\" class=\"menu-link\">RESUMOS ACEITOS<\/a><\/li>\n<li id=\"menu-item-617\" class=\"menu-item menu-item-type-custom menu-item-object-custom menu-item-617\"><a href=\"#\" class=\"menu-link\">CERTIFICADOS<\/a><\/li>\n<\/ul><\/div>\t\t<\/div>\n\t\t\t\t<\/div>\n\t\t\t\t\t<\/div>\n\t\t<\/div>\n\t\t\t\t\t\t\t<\/div>\n\t\t<\/section>\n\t\t\t\t<section class=\"elementor-section elementor-top-section elementor-element elementor-element-4adec51f elementor-section-boxed elementor-section-height-default elementor-section-height-default\" data-id=\"4adec51f\" data-element_type=\"section\" data-settings=\"{&quot;background_background&quot;:&quot;classic&quot;}\">\n\t\t\t\t\t\t\t<div class=\"elementor-background-overlay\"><\/div>\n\t\t\t\t\t\t\t<div class=\"elementor-container elementor-column-gap-default\">\n\t\t\t\t\t<div class=\"elementor-column elementor-col-16 elementor-top-column elementor-element elementor-element-1aa867\" data-id=\"1aa867\" data-element_type=\"column\">\n\t\t\t<div class=\"elementor-widget-wrap\">\n\t\t\t\t\t\t\t\t\t<\/div>\n\t\t<\/div>\n\t\t\t\t<div class=\"elementor-column elementor-col-66 elementor-top-column elementor-element elementor-element-46045d2b\" data-id=\"46045d2b\" data-element_type=\"column\">\n\t\t\t<div class=\"elementor-widget-wrap elementor-element-populated\">\n\t\t\t\t\t\t\t\t<div class=\"elementor-element elementor-element-12b45785 elementor-widget elementor-widget-heading\" data-id=\"12b45785\" data-element_type=\"widget\" data-widget_type=\"heading.default\">\n\t\t\t\t<div class=\"elementor-widget-container\">\n\t\t\t<style>\/*! elementor - v3.12.1 - 02-04-2023 *\/\n.elementor-heading-title{padding:0;margin:0;line-height:1}.elementor-widget-heading .elementor-heading-title[class*=elementor-size-]>a{color:inherit;font-size:inherit;line-height:inherit}.elementor-widget-heading .elementor-heading-title.elementor-size-small{font-size:15px}.elementor-widget-heading .elementor-heading-title.elementor-size-medium{font-size:19px}.elementor-widget-heading .elementor-heading-title.elementor-size-large{font-size:29px}.elementor-widget-heading .elementor-heading-title.elementor-size-xl{font-size:39px}.elementor-widget-heading .elementor-heading-title.elementor-size-xxl{font-size:59px}<\/style><h2 class=\"elementor-heading-title elementor-size-default\">MATERIAL DE DIVULGA\u00c7\u00c3O:<\/h2>\t\t<\/div>\n\t\t\t\t<\/div>\n\t\t\t\t<div class=\"elementor-element elementor-element-4ce56bf0 elementor-widget elementor-widget-text-editor\" data-id=\"4ce56bf0\" data-element_type=\"widget\" data-widget_type=\"text-editor.default\">\n\t\t\t\t<div class=\"elementor-widget-container\">\n\t\t\t<style>\/*! elementor - v3.12.1 - 02-04-2023 *\/\n.elementor-widget-text-editor.elementor-drop-cap-view-stacked .elementor-drop-cap{background-color:#69727d;color:#fff}.elementor-widget-text-editor.elementor-drop-cap-view-framed .elementor-drop-cap{color:#69727d;border:3px solid;background-color:transparent}.elementor-widget-text-editor:not(.elementor-drop-cap-view-default) .elementor-drop-cap{margin-top:8px}.elementor-widget-text-editor:not(.elementor-drop-cap-view-default) .elementor-drop-cap-letter{width:1em;height:1em}.elementor-widget-text-editor .elementor-drop-cap{float:left;text-align:center;line-height:1;font-size:50px}.elementor-widget-text-editor .elementor-drop-cap-letter{display:inline-block}<\/style>\t\t\t\t<strong>Quer divulgar sua participa\u00e7\u00e3o no II Simp\u00f3sio Latino-Americano de Qu\u00edmica e VII Workshop de Biotecnologia da Rede Bionorte &#8211; 2023 ? Baixe a imagem correspondente \u00e0 categoria da sua atividade, acrescente as informa\u00e7\u00f5es necess\u00e1rias em algum editor de imagem e compartilhe nas redes sociais! Em sua publica\u00e7\u00e3o, n\u00e3o se esque\u00e7a de colocar #SLAQ_2023 E #SLAQ_BIONORTE.<\/strong>\t\t\t\t\t\t<\/div>\n\t\t\t\t<\/div>\n\t\t\t\t\t<\/div>\n\t\t<\/div>\n\t\t\t\t<div class=\"elementor-column elementor-col-16 elementor-top-column elementor-element elementor-element-5a4cade8\" data-id=\"5a4cade8\" data-element_type=\"column\">\n\t\t\t<div class=\"elementor-widget-wrap\">\n\t\t\t\t\t\t\t\t\t<\/div>\n\t\t<\/div>\n\t\t\t\t\t\t\t<\/div>\n\t\t<\/section>\n\t\t\t\t<section class=\"elementor-section elementor-top-section elementor-element elementor-element-55e71b48 elementor-section-boxed elementor-section-height-default elementor-section-height-default\" data-id=\"55e71b48\" data-element_type=\"section\">\n\t\t\t\t\t\t<div class=\"elementor-container elementor-column-gap-default\">\n\t\t\t\t\t<div class=\"elementor-column elementor-col-33 elementor-top-column elementor-element elementor-element-45bb0fd2\" data-id=\"45bb0fd2\" data-element_type=\"column\" data-settings=\"{&quot;background_background&quot;:&quot;classic&quot;}\">\n\t\t\t<div class=\"elementor-widget-wrap elementor-element-populated\">\n\t\t\t\t\t\t\t\t<div class=\"elementor-element elementor-element-90d9ea5 elementor-widget elementor-widget-heading\" data-id=\"90d9ea5\" data-element_type=\"widget\" data-widget_type=\"heading.default\">\n\t\t\t\t<div class=\"elementor-widget-container\">\n\t\t\t<h2 class=\"elementor-heading-title elementor-size-default\"><a href=\"https:\/\/abq-ap.org.br\/slaq2023\/dia-1\"><br><br><br><br>DIA 14 DE JUNHO<\/a><\/h2>\t\t<\/div>\n\t\t\t\t<\/div>\n\t\t\t\t\t<\/div>\n\t\t<\/div>\n\t\t\t\t<div class=\"elementor-column elementor-col-33 elementor-top-column elementor-element elementor-element-350b161\" data-id=\"350b161\" data-element_type=\"column\" data-settings=\"{&quot;background_background&quot;:&quot;classic&quot;}\">\n\t\t\t<div class=\"elementor-widget-wrap elementor-element-populated\">\n\t\t\t\t\t\t\t\t<div class=\"elementor-element elementor-element-92d2dd7 elementor-widget elementor-widget-heading\" data-id=\"92d2dd7\" data-element_type=\"widget\" data-widget_type=\"heading.default\">\n\t\t\t\t<div class=\"elementor-widget-container\">\n\t\t\t<h2 class=\"elementor-heading-title elementor-size-default\"><a href=\"https:\/\/abq-ap.org.br\/slaq2023\/dia-2\"><br><br><br><br>DIA 15 DE JUNHO<\/a><\/h2>\t\t<\/div>\n\t\t\t\t<\/div>\n\t\t\t\t\t<\/div>\n\t\t<\/div>\n\t\t\t\t<div class=\"elementor-column elementor-col-33 elementor-top-column elementor-element elementor-element-87b6f7e\" data-id=\"87b6f7e\" data-element_type=\"column\" data-settings=\"{&quot;background_background&quot;:&quot;classic&quot;}\">\n\t\t\t<div class=\"elementor-widget-wrap elementor-element-populated\">\n\t\t\t\t\t\t\t\t<div class=\"elementor-element elementor-element-9044df0 elementor-widget elementor-widget-heading\" data-id=\"9044df0\" data-element_type=\"widget\" data-widget_type=\"heading.default\">\n\t\t\t\t<div class=\"elementor-widget-container\">\n\t\t\t<h2 class=\"elementor-heading-title elementor-size-default\"><a href=\"https:\/\/abq-ap.org.br\/slaq2023\/dia-3\"><br><br><br><br>DIA 16 DE JUNHO<\/a><\/h2>\t\t<\/div>\n\t\t\t\t<\/div>\n\t\t\t\t\t<\/div>\n\t\t<\/div>\n\t\t\t\t\t\t\t<\/div>\n\t\t<\/section>\n\t\t\t\t<section class=\"elementor-section elementor-top-section elementor-element elementor-element-504c957 elementor-section-boxed elementor-section-height-default elementor-section-height-default\" data-id=\"504c957\" data-element_type=\"section\">\n\t\t\t\t\t\t<div class=\"elementor-container elementor-column-gap-default\">\n\t\t\t\t\t<div class=\"elementor-column elementor-col-100 elementor-top-column elementor-element elementor-element-e9fdc55\" data-id=\"e9fdc55\" data-element_type=\"column\">\n\t\t\t<div class=\"elementor-widget-wrap\">\n\t\t\t\t\t\t\t\t\t<\/div>\n\t\t<\/div>\n\t\t\t\t\t\t\t<\/div>\n\t\t<\/section>\n\t\t\t\t\t\t\t<\/div>\n\t\t","protected":false},"excerpt":{"rendered":"<p>IN\u00cdCIO SOBRE PALESTRANTES E CONVIDADOS MATERIAL DE DIVULGA\u00c7\u00c3O PROGRAMA\u00c7\u00c3O \u00c1REA DO PARTICIPANTE INSCRI\u00c7\u00c3O LOGIN LINK DE TRANSMISS\u00c3O SUBMISS\u00c3O REGRAS GERAIS MODELO DE TRABALHO CIENT\u00cdFICO MODELO APRESENTA\u00c7\u00c3O ORAL SUBMISS\u00c3O DE TRABALHO CERTIFICADOS MATERIAL DE DIVULGA\u00c7\u00c3O: Quer divulgar sua participa\u00e7\u00e3o no II Simp\u00f3sio Latino-Americano de Qu\u00edmica e VII Workshop de Biotecnologia da Rede Bionorte &#8211; 2023 ?&#8230;<\/p>\n","protected":false},"author":1,"featured_media":0,"parent":0,"menu_order":0,"comment_status":"closed","ping_status":"closed","template":"elementor_canvas","meta":{"site-sidebar-layout":"no-sidebar","site-content-layout":"page-builder","ast-global-header-display":"","ast-main-header-display":"","ast-hfb-above-header-display":"","ast-hfb-below-header-display":"","ast-hfb-mobile-header-display":"","site-post-title":"disabled","ast-breadcrumbs-content":"","ast-featured-img":"disabled","footer-sml-layout":"","theme-transparent-header-meta":"","adv-header-id-meta":"","stick-header-meta":"","header-above-stick-meta":"","header-main-stick-meta":"","header-below-stick-meta":""},"_links":{"self":[{"href":"https:\/\/abq-ap.org.br\/slaq2023\/wp-json\/wp\/v2\/pages\/861"}],"collection":[{"href":"https:\/\/abq-ap.org.br\/slaq2023\/wp-json\/wp\/v2\/pages"}],"about":[{"href":"https:\/\/abq-ap.org.br\/slaq2023\/wp-json\/wp\/v2\/types\/page"}],"author":[{"embeddable":true,"href":"https:\/\/abq-ap.org.br\/slaq2023\/wp-json\/wp\/v2\/users\/1"}],"replies":[{"embeddable":true,"href":"https:\/\/abq-ap.org.br\/slaq2023\/wp-json\/wp\/v2\/comments?post=861"}],"version-history":[{"count":8,"href":"https:\/\/abq-ap.org.br\/slaq2023\/wp-json\/wp\/v2\/pages\/861\/revisions"}],"predecessor-version":[{"id":939,"href":"https:\/\/abq-ap.org.br\/slaq2023\/wp-json\/wp\/v2\/pages\/861\/revisions\/939"}],"wp:attachment":[{"href":"https:\/\/abq-ap.org.br\/slaq2023\/wp-json\/wp\/v2\/media?parent=861"}],"curies":[{"name":"wp","href":"https:\/\/api.w.org\/{rel}","templated":true}]}}