  {"id":591,"date":"2022-10-24T02:08:38","date_gmt":"2022-10-24T02:08:38","guid":{"rendered":"http:\/\/abq-ap.org.br\/snct2022\/?page_id=591"},"modified":"2022-10-24T02:17:51","modified_gmt":"2022-10-24T02:17:51","slug":"dia-25-10","status":"publish","type":"page","link":"https:\/\/abq-ap.org.br\/snct2022\/dia-25-10\/","title":{"rendered":"DIA 25\/10"},"content":{"rendered":"\t\t<div data-elementor-type=\"wp-page\" data-elementor-id=\"591\" class=\"elementor elementor-591\">\n\t\t\t\t\t\t<section class=\"elementor-section elementor-top-section elementor-element elementor-element-1506ef4 elementor-section-boxed elementor-section-height-default elementor-section-height-default\" data-id=\"1506ef4\" data-element_type=\"section\">\n\t\t\t\t\t\t<div class=\"elementor-container elementor-column-gap-default\">\n\t\t\t\t\t<div class=\"elementor-column elementor-col-16 elementor-top-column elementor-element elementor-element-621928a\" data-id=\"621928a\" data-element_type=\"column\">\n\t\t\t<div class=\"elementor-widget-wrap\">\n\t\t\t\t\t\t\t<\/div>\n\t\t<\/div>\n\t\t\t\t<div class=\"elementor-column elementor-col-66 elementor-top-column elementor-element elementor-element-6e5f253\" data-id=\"6e5f253\" data-element_type=\"column\">\n\t\t\t<div class=\"elementor-widget-wrap elementor-element-populated\">\n\t\t\t\t\t\t<div class=\"elementor-element elementor-element-be5202d elementor-widget elementor-widget-image\" data-id=\"be5202d\" data-element_type=\"widget\" data-widget_type=\"image.default\">\n\t\t\t\t<div class=\"elementor-widget-container\">\n\t\t\t<style>\/*! elementor - v3.23.0 - 05-08-2024 *\/\n.elementor-widget-image{text-align:center}.elementor-widget-image a{display:inline-block}.elementor-widget-image a img[src$=\".svg\"]{width:48px}.elementor-widget-image img{vertical-align:middle;display:inline-block}<\/style>\t\t\t\t\t\t\t\t\t\t<img fetchpriority=\"high\" width=\"640\" height=\"254\" src=\"https:\/\/abq-ap.org.br\/snct2022\/wp-content\/uploads\/2020\/08\/snctap-4-1024x406.png\" class=\"attachment-large size-large wp-image-466\" alt=\"\" srcset=\"https:\/\/abq-ap.org.br\/snct2022\/wp-content\/uploads\/2020\/08\/snctap-4-1024x406.png 1024w, https:\/\/abq-ap.org.br\/snct2022\/wp-content\/uploads\/2020\/08\/snctap-4-300x119.png 300w, https:\/\/abq-ap.org.br\/snct2022\/wp-content\/uploads\/2020\/08\/snctap-4-768x304.png 768w, https:\/\/abq-ap.org.br\/snct2022\/wp-content\/uploads\/2020\/08\/snctap-4.png 1431w\" sizes=\"(max-width: 640px) 100vw, 640px\" \/>\t\t\t\t\t\t\t\t\t\t\t\t\t<\/div>\n\t\t\t\t<\/div>\n\t\t\t\t\t<\/div>\n\t\t<\/div>\n\t\t\t\t<div class=\"elementor-column elementor-col-16 elementor-top-column elementor-element elementor-element-39cff8e\" data-id=\"39cff8e\" data-element_type=\"column\">\n\t\t\t<div class=\"elementor-widget-wrap\">\n\t\t\t\t\t\t\t<\/div>\n\t\t<\/div>\n\t\t\t\t\t<\/div>\n\t\t<\/section>\n\t\t\t\t<section class=\"elementor-section elementor-top-section elementor-element elementor-element-1f99fe9 elementor-section-boxed elementor-section-height-default elementor-section-height-default\" data-id=\"1f99fe9\" data-element_type=\"section\">\n\t\t\t\t\t\t<div class=\"elementor-container elementor-column-gap-default\">\n\t\t\t\t\t<div class=\"elementor-column elementor-col-16 elementor-top-column elementor-element elementor-element-d0d64d4\" data-id=\"d0d64d4\" data-element_type=\"column\">\n\t\t\t<div class=\"elementor-widget-wrap\">\n\t\t\t\t\t\t\t<\/div>\n\t\t<\/div>\n\t\t\t\t<div class=\"elementor-column elementor-col-66 elementor-top-column elementor-element elementor-element-fcbe30c\" data-id=\"fcbe30c\" data-element_type=\"column\">\n\t\t\t<div class=\"elementor-widget-wrap elementor-element-populated\">\n\t\t\t\t\t\t<div class=\"elementor-element elementor-element-e55a25a elementor-widget elementor-widget-image-gallery\" data-id=\"e55a25a\" data-element_type=\"widget\" data-widget_type=\"image-gallery.default\">\n\t\t\t\t<div class=\"elementor-widget-container\">\n\t\t\t<style>\/*! elementor - v3.23.0 - 05-08-2024 *\/\n.elementor-image-gallery .gallery-item{display:inline-block;text-align:center;vertical-align:top;width:100%;max-width:100%;margin:0 auto}.elementor-image-gallery .gallery-item img{margin:0 auto}.elementor-image-gallery .gallery-item .gallery-caption{margin:0}.elementor-image-gallery figure img{display:block}.elementor-image-gallery figure figcaption{width:100%}.gallery-spacing-custom .elementor-image-gallery .gallery-icon{padding:0}@media (min-width:768px){.elementor-image-gallery .gallery-columns-2 .gallery-item{max-width:50%}.elementor-image-gallery .gallery-columns-3 .gallery-item{max-width:33.33%}.elementor-image-gallery .gallery-columns-4 .gallery-item{max-width:25%}.elementor-image-gallery .gallery-columns-5 .gallery-item{max-width:20%}.elementor-image-gallery .gallery-columns-6 .gallery-item{max-width:16.666%}.elementor-image-gallery .gallery-columns-7 .gallery-item{max-width:14.28%}.elementor-image-gallery .gallery-columns-8 .gallery-item{max-width:12.5%}.elementor-image-gallery .gallery-columns-9 .gallery-item{max-width:11.11%}.elementor-image-gallery .gallery-columns-10 .gallery-item{max-width:10%}}@media (min-width:480px) and (max-width:767px){.elementor-image-gallery .gallery.gallery-columns-2 .gallery-item,.elementor-image-gallery .gallery.gallery-columns-3 .gallery-item,.elementor-image-gallery .gallery.gallery-columns-4 .gallery-item,.elementor-image-gallery .gallery.gallery-columns-5 .gallery-item,.elementor-image-gallery .gallery.gallery-columns-6 .gallery-item,.elementor-image-gallery .gallery.gallery-columns-7 .gallery-item,.elementor-image-gallery .gallery.gallery-columns-8 .gallery-item,.elementor-image-gallery .gallery.gallery-columns-9 .gallery-item,.elementor-image-gallery .gallery.gallery-columns-10 .gallery-item{max-width:50%}}@media (max-width:479px){.elementor-image-gallery .gallery.gallery-columns-2 .gallery-item,.elementor-image-gallery .gallery.gallery-columns-3 .gallery-item,.elementor-image-gallery .gallery.gallery-columns-4 .gallery-item,.elementor-image-gallery .gallery.gallery-columns-5 .gallery-item,.elementor-image-gallery .gallery.gallery-columns-6 .gallery-item,.elementor-image-gallery .gallery.gallery-columns-7 .gallery-item,.elementor-image-gallery .gallery.gallery-columns-8 .gallery-item,.elementor-image-gallery .gallery.gallery-columns-9 .gallery-item,.elementor-image-gallery .gallery.gallery-columns-10 .gallery-item{max-width:100%}}<\/style>\t\t<div class=\"elementor-image-gallery\">\n\t\t\t<div id='gallery-1' class='gallery galleryid-591 gallery-columns-4 gallery-size-thumbnail'><figure class='gallery-item'>\n\t\t\t<div class='gallery-icon portrait'>\n\t\t\t\t<a data-elementor-open-lightbox=\"yes\" data-elementor-lightbox-slideshow=\"e55a25a\" data-e-action-hash=\"#elementor-action%3Aaction%3Dlightbox%26settings%3DeyJpZCI6NTkzLCJ1cmwiOiJodHRwczpcL1wvYWJxLWFwLm9yZy5iclwvc25jdDIwMjJcL3dwLWNvbnRlbnRcL3VwbG9hZHNcLzIwMjJcLzEwXC8wLnBuZyIsInNsaWRlc2hvdyI6ImU1NWEyNWEifQ%3D%3D\" href='https:\/\/abq-ap.org.br\/snct2022\/wp-content\/uploads\/2022\/10\/0.png'><img width=\"150\" height=\"150\" src=\"https:\/\/abq-ap.org.br\/snct2022\/wp-content\/uploads\/2022\/10\/0-150x150.png\" class=\"attachment-thumbnail size-thumbnail\" alt=\"\" srcset=\"https:\/\/abq-ap.org.br\/snct2022\/wp-content\/uploads\/2022\/10\/0-150x150.png 150w, https:\/\/abq-ap.org.br\/snct2022\/wp-content\/uploads\/2022\/10\/0-300x300.png 300w\" sizes=\"(max-width: 150px) 100vw, 150px\" \/><\/a>\n\t\t\t<\/div><\/figure><figure class='gallery-item'>\n\t\t\t<div class='gallery-icon portrait'>\n\t\t\t\t<a data-elementor-open-lightbox=\"yes\" data-elementor-lightbox-slideshow=\"e55a25a\" data-e-action-hash=\"#elementor-action%3Aaction%3Dlightbox%26settings%3DeyJpZCI6NTk0LCJ1cmwiOiJodHRwczpcL1wvYWJxLWFwLm9yZy5iclwvc25jdDIwMjJcL3dwLWNvbnRlbnRcL3VwbG9hZHNcLzIwMjJcLzEwXC8xLnBuZyIsInNsaWRlc2hvdyI6ImU1NWEyNWEifQ%3D%3D\" data-elementor-lightbox-title=\"1\" href='https:\/\/abq-ap.org.br\/snct2022\/wp-content\/uploads\/2022\/10\/1.png'><img width=\"150\" height=\"150\" src=\"https:\/\/abq-ap.org.br\/snct2022\/wp-content\/uploads\/2022\/10\/1-150x150.png\" class=\"attachment-thumbnail size-thumbnail\" alt=\"\" srcset=\"https:\/\/abq-ap.org.br\/snct2022\/wp-content\/uploads\/2022\/10\/1-150x150.png 150w, https:\/\/abq-ap.org.br\/snct2022\/wp-content\/uploads\/2022\/10\/1-300x300.png 300w\" sizes=\"(max-width: 150px) 100vw, 150px\" \/><\/a>\n\t\t\t<\/div><\/figure><figure class='gallery-item'>\n\t\t\t<div class='gallery-icon portrait'>\n\t\t\t\t<a data-elementor-open-lightbox=\"yes\" data-elementor-lightbox-slideshow=\"e55a25a\" data-e-action-hash=\"#elementor-action%3Aaction%3Dlightbox%26settings%3DeyJpZCI6NTk1LCJ1cmwiOiJodHRwczpcL1wvYWJxLWFwLm9yZy5iclwvc25jdDIwMjJcL3dwLWNvbnRlbnRcL3VwbG9hZHNcLzIwMjJcLzEwXC8yLnBuZyIsInNsaWRlc2hvdyI6ImU1NWEyNWEifQ%3D%3D\" data-elementor-lightbox-title=\"2\" href='https:\/\/abq-ap.org.br\/snct2022\/wp-content\/uploads\/2022\/10\/2.png'><img loading=\"lazy\" width=\"150\" height=\"150\" src=\"https:\/\/abq-ap.org.br\/snct2022\/wp-content\/uploads\/2022\/10\/2-150x150.png\" class=\"attachment-thumbnail size-thumbnail\" alt=\"\" srcset=\"https:\/\/abq-ap.org.br\/snct2022\/wp-content\/uploads\/2022\/10\/2-150x150.png 150w, https:\/\/abq-ap.org.br\/snct2022\/wp-content\/uploads\/2022\/10\/2-300x300.png 300w\" sizes=\"(max-width: 150px) 100vw, 150px\" \/><\/a>\n\t\t\t<\/div><\/figure><figure class='gallery-item'>\n\t\t\t<div class='gallery-icon portrait'>\n\t\t\t\t<a data-elementor-open-lightbox=\"yes\" data-elementor-lightbox-slideshow=\"e55a25a\" data-e-action-hash=\"#elementor-action%3Aaction%3Dlightbox%26settings%3DeyJpZCI6NTk2LCJ1cmwiOiJodHRwczpcL1wvYWJxLWFwLm9yZy5iclwvc25jdDIwMjJcL3dwLWNvbnRlbnRcL3VwbG9hZHNcLzIwMjJcLzEwXC8zLnBuZyIsInNsaWRlc2hvdyI6ImU1NWEyNWEifQ%3D%3D\" data-elementor-lightbox-title=\"3\" href='https:\/\/abq-ap.org.br\/snct2022\/wp-content\/uploads\/2022\/10\/3.png'><img loading=\"lazy\" width=\"150\" height=\"150\" src=\"https:\/\/abq-ap.org.br\/snct2022\/wp-content\/uploads\/2022\/10\/3-150x150.png\" class=\"attachment-thumbnail size-thumbnail\" alt=\"\" srcset=\"https:\/\/abq-ap.org.br\/snct2022\/wp-content\/uploads\/2022\/10\/3-150x150.png 150w, https:\/\/abq-ap.org.br\/snct2022\/wp-content\/uploads\/2022\/10\/3-300x300.png 300w\" sizes=\"(max-width: 150px) 100vw, 150px\" \/><\/a>\n\t\t\t<\/div><\/figure><figure class='gallery-item'>\n\t\t\t<div class='gallery-icon portrait'>\n\t\t\t\t<a data-elementor-open-lightbox=\"yes\" data-elementor-lightbox-slideshow=\"e55a25a\" data-e-action-hash=\"#elementor-action%3Aaction%3Dlightbox%26settings%3DeyJpZCI6NTk4LCJ1cmwiOiJodHRwczpcL1wvYWJxLWFwLm9yZy5iclwvc25jdDIwMjJcL3dwLWNvbnRlbnRcL3VwbG9hZHNcLzIwMjJcLzEwXC80LnBuZyIsInNsaWRlc2hvdyI6ImU1NWEyNWEifQ%3D%3D\" data-elementor-lightbox-title=\"4\" href='https:\/\/abq-ap.org.br\/snct2022\/wp-content\/uploads\/2022\/10\/4.png'><img loading=\"lazy\" width=\"150\" height=\"150\" src=\"https:\/\/abq-ap.org.br\/snct2022\/wp-content\/uploads\/2022\/10\/4-150x150.png\" class=\"attachment-thumbnail size-thumbnail\" alt=\"\" srcset=\"https:\/\/abq-ap.org.br\/snct2022\/wp-content\/uploads\/2022\/10\/4-150x150.png 150w, https:\/\/abq-ap.org.br\/snct2022\/wp-content\/uploads\/2022\/10\/4-300x300.png 300w\" sizes=\"(max-width: 150px) 100vw, 150px\" \/><\/a>\n\t\t\t<\/div><\/figure><figure class='gallery-item'>\n\t\t\t<div class='gallery-icon portrait'>\n\t\t\t\t<a data-elementor-open-lightbox=\"yes\" data-elementor-lightbox-slideshow=\"e55a25a\" data-e-action-hash=\"#elementor-action%3Aaction%3Dlightbox%26settings%3DeyJpZCI6NTk5LCJ1cmwiOiJodHRwczpcL1wvYWJxLWFwLm9yZy5iclwvc25jdDIwMjJcL3dwLWNvbnRlbnRcL3VwbG9hZHNcLzIwMjJcLzEwXC81LnBuZyIsInNsaWRlc2hvdyI6ImU1NWEyNWEifQ%3D%3D\" data-elementor-lightbox-title=\"5\" href='https:\/\/abq-ap.org.br\/snct2022\/wp-content\/uploads\/2022\/10\/5.png'><img loading=\"lazy\" width=\"150\" height=\"150\" src=\"https:\/\/abq-ap.org.br\/snct2022\/wp-content\/uploads\/2022\/10\/5-150x150.png\" class=\"attachment-thumbnail size-thumbnail\" alt=\"\" srcset=\"https:\/\/abq-ap.org.br\/snct2022\/wp-content\/uploads\/2022\/10\/5-150x150.png 150w, https:\/\/abq-ap.org.br\/snct2022\/wp-content\/uploads\/2022\/10\/5-300x300.png 300w\" sizes=\"(max-width: 150px) 100vw, 150px\" \/><\/a>\n\t\t\t<\/div><\/figure><figure class='gallery-item'>\n\t\t\t<div class='gallery-icon portrait'>\n\t\t\t\t<a data-elementor-open-lightbox=\"yes\" data-elementor-lightbox-slideshow=\"e55a25a\" data-e-action-hash=\"#elementor-action%3Aaction%3Dlightbox%26settings%3DeyJpZCI6NjAwLCJ1cmwiOiJodHRwczpcL1wvYWJxLWFwLm9yZy5iclwvc25jdDIwMjJcL3dwLWNvbnRlbnRcL3VwbG9hZHNcLzIwMjJcLzEwXC9pbnN0YWdyYW0ucG5nIiwic2xpZGVzaG93IjoiZTU1YTI1YSJ9\" data-elementor-lightbox-title=\"instagram\" href='https:\/\/abq-ap.org.br\/snct2022\/wp-content\/uploads\/2022\/10\/instagram.png'><img loading=\"lazy\" width=\"150\" height=\"150\" src=\"https:\/\/abq-ap.org.br\/snct2022\/wp-content\/uploads\/2022\/10\/instagram-150x150.png\" class=\"attachment-thumbnail size-thumbnail\" alt=\"\" srcset=\"https:\/\/abq-ap.org.br\/snct2022\/wp-content\/uploads\/2022\/10\/instagram-150x150.png 150w, https:\/\/abq-ap.org.br\/snct2022\/wp-content\/uploads\/2022\/10\/instagram-300x300.png 300w\" sizes=\"(max-width: 150px) 100vw, 150px\" \/><\/a>\n\t\t\t<\/div><\/figure>\n\t\t<\/div>\n\t\t<\/div>\n\t\t\t\t<\/div>\n\t\t\t\t<\/div>\n\t\t\t\t\t<\/div>\n\t\t<\/div>\n\t\t\t\t<div class=\"elementor-column elementor-col-16 elementor-top-column elementor-element elementor-element-5056959\" data-id=\"5056959\" data-element_type=\"column\">\n\t\t\t<div class=\"elementor-widget-wrap\">\n\t\t\t\t\t\t\t<\/div>\n\t\t<\/div>\n\t\t\t\t\t<\/div>\n\t\t<\/section>\n\t\t\t\t<section class=\"elementor-section elementor-top-section elementor-element elementor-element-de73d9f elementor-section-boxed elementor-section-height-default elementor-section-height-default\" data-id=\"de73d9f\" data-element_type=\"section\">\n\t\t\t\t\t\t<div class=\"elementor-container elementor-column-gap-default\">\n\t\t\t\t\t<div class=\"elementor-column elementor-col-16 elementor-top-column elementor-element elementor-element-c3d6a2e\" data-id=\"c3d6a2e\" data-element_type=\"column\">\n\t\t\t<div class=\"elementor-widget-wrap\">\n\t\t\t\t\t\t\t<\/div>\n\t\t<\/div>\n\t\t\t\t<div class=\"elementor-column elementor-col-66 elementor-top-column elementor-element elementor-element-677c179\" data-id=\"677c179\" data-element_type=\"column\">\n\t\t\t<div class=\"elementor-widget-wrap elementor-element-populated\">\n\t\t\t\t\t\t<div class=\"elementor-element elementor-element-f6c15b2 elementor-widget elementor-widget-text-editor\" data-id=\"f6c15b2\" data-element_type=\"widget\" data-widget_type=\"text-editor.default\">\n\t\t\t\t<div class=\"elementor-widget-container\">\n\t\t\t<style>\/*! elementor - v3.23.0 - 05-08-2024 *\/\n.elementor-widget-text-editor.elementor-drop-cap-view-stacked .elementor-drop-cap{background-color:#69727d;color:#fff}.elementor-widget-text-editor.elementor-drop-cap-view-framed .elementor-drop-cap{color:#69727d;border:3px solid;background-color:transparent}.elementor-widget-text-editor:not(.elementor-drop-cap-view-default) .elementor-drop-cap{margin-top:8px}.elementor-widget-text-editor:not(.elementor-drop-cap-view-default) .elementor-drop-cap-letter{width:1em;height:1em}.elementor-widget-text-editor .elementor-drop-cap{float:left;text-align:center;line-height:1;font-size:50px}.elementor-widget-text-editor .elementor-drop-cap-letter{display:inline-block}<\/style>\t\t\t\t<p><strong>Quer divulgar sua participa\u00e7\u00e3o na 19\u00aa SEMANA NACIONAL DE CIENCIA E TECNOLOGIA NO AMAPA: Bionorte e ABQ AP? Baixe a imagem correspondente \u00e0 categoria da sua atividade, acrescente as informa\u00e7\u00f5es necess\u00e1rias em algum editor de imagem e compartilhe nas redes sociais! Em sua publica\u00e7\u00e3o, n\u00e3o se esque\u00e7a de colocar #snctap e #snct2022ap, e de marcar os perfis oficiais da ABQ AMAP\u00c1.<\/strong><\/p>\t\t\t\t\t\t<\/div>\n\t\t\t\t<\/div>\n\t\t\t\t\t<\/div>\n\t\t<\/div>\n\t\t\t\t<div class=\"elementor-column elementor-col-16 elementor-top-column elementor-element elementor-element-d23c14f\" data-id=\"d23c14f\" data-element_type=\"column\">\n\t\t\t<div class=\"elementor-widget-wrap\">\n\t\t\t\t\t\t\t<\/div>\n\t\t<\/div>\n\t\t\t\t\t<\/div>\n\t\t<\/section>\n\t\t\t\t<\/div>\n\t\t","protected":false},"excerpt":{"rendered":"<p>Quer divulgar sua participa\u00e7\u00e3o na 19\u00aa SEMANA NACIONAL DE CIENCIA E TECNOLOGIA NO AMAPA: Bionorte e ABQ AP? Baixe a imagem correspondente \u00e0 categoria da sua atividade, acrescente as informa\u00e7\u00f5es necess\u00e1rias em algum editor de imagem e compartilhe nas redes sociais! Em sua publica\u00e7\u00e3o, n\u00e3o se esque\u00e7a de colocar #snctap e #snct2022ap, e de marcar os perfis oficiais da ABQ&#8230;<\/p>\n","protected":false},"author":1,"featured_media":0,"parent":0,"menu_order":0,"comment_status":"closed","ping_status":"closed","template":"elementor_header_footer","meta":{"om_disable_all_campaigns":false,"_monsterinsights_skip_tracking":false,"_monsterinsights_sitenote_active":false,"_monsterinsights_sitenote_note":"","_monsterinsights_sitenote_category":0},"aioseo_notices":[],"_links":{"self":[{"href":"https:\/\/abq-ap.org.br\/snct2022\/wp-json\/wp\/v2\/pages\/591"}],"collection":[{"href":"https:\/\/abq-ap.org.br\/snct2022\/wp-json\/wp\/v2\/pages"}],"about":[{"href":"https:\/\/abq-ap.org.br\/snct2022\/wp-json\/wp\/v2\/types\/page"}],"author":[{"embeddable":true,"href":"https:\/\/abq-ap.org.br\/snct2022\/wp-json\/wp\/v2\/users\/1"}],"replies":[{"embeddable":true,"href":"https:\/\/abq-ap.org.br\/snct2022\/wp-json\/wp\/v2\/comments?post=591"}],"version-history":[{"count":7,"href":"https:\/\/abq-ap.org.br\/snct2022\/wp-json\/wp\/v2\/pages\/591\/revisions"}],"predecessor-version":[{"id":614,"href":"https:\/\/abq-ap.org.br\/snct2022\/wp-json\/wp\/v2\/pages\/591\/revisions\/614"}],"wp:attachment":[{"href":"https:\/\/abq-ap.org.br\/snct2022\/wp-json\/wp\/v2\/media?parent=591"}],"curies":[{"name":"wp","href":"https:\/\/api.w.org\/{rel}","templated":true}]}}