  {"id":651,"date":"2022-10-24T05:01:42","date_gmt":"2022-10-24T05:01:42","guid":{"rendered":"http:\/\/abq-ap.org.br\/snct2022\/?page_id=651"},"modified":"2022-10-24T05:02:36","modified_gmt":"2022-10-24T05:02:36","slug":"material-de-divulgacao","status":"publish","type":"page","link":"https:\/\/abq-ap.org.br\/snct2022\/material-de-divulgacao\/","title":{"rendered":"MATERIAL DE DIVULGA\u00c7\u00c3O"},"content":{"rendered":"\t\t<div data-elementor-type=\"wp-page\" data-elementor-id=\"651\" class=\"elementor elementor-651\">\n\t\t\t\t\t\t<section class=\"elementor-section elementor-top-section elementor-element elementor-element-1506ef4 elementor-section-boxed elementor-section-height-default elementor-section-height-default\" data-id=\"1506ef4\" data-element_type=\"section\">\n\t\t\t\t\t\t<div class=\"elementor-container elementor-column-gap-default\">\n\t\t\t\t\t<div class=\"elementor-column elementor-col-16 elementor-top-column elementor-element elementor-element-621928a\" data-id=\"621928a\" data-element_type=\"column\">\n\t\t\t<div class=\"elementor-widget-wrap\">\n\t\t\t\t\t\t\t<\/div>\n\t\t<\/div>\n\t\t\t\t<div class=\"elementor-column elementor-col-66 elementor-top-column elementor-element elementor-element-6e5f253\" data-id=\"6e5f253\" data-element_type=\"column\">\n\t\t\t<div class=\"elementor-widget-wrap elementor-element-populated\">\n\t\t\t\t\t\t<div class=\"elementor-element elementor-element-be5202d elementor-widget elementor-widget-image\" data-id=\"be5202d\" data-element_type=\"widget\" data-widget_type=\"image.default\">\n\t\t\t\t<div class=\"elementor-widget-container\">\n\t\t\t<style>\/*! elementor - v3.23.0 - 05-08-2024 *\/\n.elementor-widget-image{text-align:center}.elementor-widget-image a{display:inline-block}.elementor-widget-image a img[src$=\".svg\"]{width:48px}.elementor-widget-image img{vertical-align:middle;display:inline-block}<\/style>\t\t\t\t\t\t\t\t\t\t<img fetchpriority=\"high\" width=\"640\" height=\"254\" src=\"https:\/\/abq-ap.org.br\/snct2022\/wp-content\/uploads\/2020\/08\/snctap-4-1024x406.png\" class=\"attachment-large size-large wp-image-466\" alt=\"\" srcset=\"https:\/\/abq-ap.org.br\/snct2022\/wp-content\/uploads\/2020\/08\/snctap-4-1024x406.png 1024w, https:\/\/abq-ap.org.br\/snct2022\/wp-content\/uploads\/2020\/08\/snctap-4-300x119.png 300w, https:\/\/abq-ap.org.br\/snct2022\/wp-content\/uploads\/2020\/08\/snctap-4-768x304.png 768w, https:\/\/abq-ap.org.br\/snct2022\/wp-content\/uploads\/2020\/08\/snctap-4.png 1431w\" sizes=\"(max-width: 640px) 100vw, 640px\" \/>\t\t\t\t\t\t\t\t\t\t\t\t\t<\/div>\n\t\t\t\t<\/div>\n\t\t\t\t\t<\/div>\n\t\t<\/div>\n\t\t\t\t<div class=\"elementor-column elementor-col-16 elementor-top-column elementor-element elementor-element-39cff8e\" data-id=\"39cff8e\" data-element_type=\"column\">\n\t\t\t<div class=\"elementor-widget-wrap\">\n\t\t\t\t\t\t\t<\/div>\n\t\t<\/div>\n\t\t\t\t\t<\/div>\n\t\t<\/section>\n\t\t\t\t<section class=\"elementor-section elementor-top-section elementor-element elementor-element-66fbf0b8 elementor-section-boxed elementor-section-height-default elementor-section-height-default\" data-id=\"66fbf0b8\" data-element_type=\"section\" data-settings=\"{&quot;background_background&quot;:&quot;classic&quot;}\">\n\t\t\t\t\t\t\t<div class=\"elementor-background-overlay\"><\/div>\n\t\t\t\t\t\t\t<div class=\"elementor-container elementor-column-gap-default\">\n\t\t\t\t\t<div class=\"elementor-column elementor-col-16 elementor-top-column elementor-element elementor-element-451eb8d4\" data-id=\"451eb8d4\" data-element_type=\"column\">\n\t\t\t<div class=\"elementor-widget-wrap\">\n\t\t\t\t\t\t\t<\/div>\n\t\t<\/div>\n\t\t\t\t<div class=\"elementor-column elementor-col-66 elementor-top-column elementor-element elementor-element-37958811\" data-id=\"37958811\" data-element_type=\"column\">\n\t\t\t<div class=\"elementor-widget-wrap elementor-element-populated\">\n\t\t\t\t\t\t<div class=\"elementor-element elementor-element-6bfbe09 elementor-widget elementor-widget-heading\" data-id=\"6bfbe09\" data-element_type=\"widget\" data-widget_type=\"heading.default\">\n\t\t\t\t<div class=\"elementor-widget-container\">\n\t\t\t<style>\/*! elementor - v3.23.0 - 05-08-2024 *\/\n.elementor-heading-title{padding:0;margin:0;line-height:1}.elementor-widget-heading .elementor-heading-title[class*=elementor-size-]>a{color:inherit;font-size:inherit;line-height:inherit}.elementor-widget-heading .elementor-heading-title.elementor-size-small{font-size:15px}.elementor-widget-heading .elementor-heading-title.elementor-size-medium{font-size:19px}.elementor-widget-heading .elementor-heading-title.elementor-size-large{font-size:29px}.elementor-widget-heading .elementor-heading-title.elementor-size-xl{font-size:39px}.elementor-widget-heading .elementor-heading-title.elementor-size-xxl{font-size:59px}<\/style><h2 class=\"elementor-heading-title elementor-size-default\">MATERIAL DE DIVULGA\u00c7\u00c3O:<\/h2>\t\t<\/div>\n\t\t\t\t<\/div>\n\t\t\t\t<div class=\"elementor-element elementor-element-5d875a3b elementor-widget elementor-widget-text-editor\" data-id=\"5d875a3b\" data-element_type=\"widget\" data-widget_type=\"text-editor.default\">\n\t\t\t\t<div class=\"elementor-widget-container\">\n\t\t\t<style>\/*! elementor - v3.23.0 - 05-08-2024 *\/\n.elementor-widget-text-editor.elementor-drop-cap-view-stacked .elementor-drop-cap{background-color:#69727d;color:#fff}.elementor-widget-text-editor.elementor-drop-cap-view-framed .elementor-drop-cap{color:#69727d;border:3px solid;background-color:transparent}.elementor-widget-text-editor:not(.elementor-drop-cap-view-default) .elementor-drop-cap{margin-top:8px}.elementor-widget-text-editor:not(.elementor-drop-cap-view-default) .elementor-drop-cap-letter{width:1em;height:1em}.elementor-widget-text-editor .elementor-drop-cap{float:left;text-align:center;line-height:1;font-size:50px}.elementor-widget-text-editor .elementor-drop-cap-letter{display:inline-block}<\/style>\t\t\t\t<p><strong>Quer divulgar sua participa\u00e7\u00e3o na 19\u00aa SEMANA NACIONAL DE CIENCIA E TECNOLOGIA NO AMAPA: Bionorte e ABQ AP? Baixe a imagem correspondente \u00e0 categoria da sua atividade, acrescente as informa\u00e7\u00f5es necess\u00e1rias em algum editor de imagem e compartilhe nas redes sociais! Em sua publica\u00e7\u00e3o, n\u00e3o se esque\u00e7a de colocar #snctap e #snct2022ap, e de marcar os perfis oficiais da ABQ AMAP\u00c1.<\/strong><\/p>\t\t\t\t\t\t<\/div>\n\t\t\t\t<\/div>\n\t\t\t\t\t<\/div>\n\t\t<\/div>\n\t\t\t\t<div class=\"elementor-column elementor-col-16 elementor-top-column elementor-element elementor-element-1c3d9fbb\" data-id=\"1c3d9fbb\" data-element_type=\"column\">\n\t\t\t<div class=\"elementor-widget-wrap\">\n\t\t\t\t\t\t\t<\/div>\n\t\t<\/div>\n\t\t\t\t\t<\/div>\n\t\t<\/section>\n\t\t\t\t<section class=\"elementor-section elementor-top-section elementor-element elementor-element-327260f6 elementor-section-boxed elementor-section-height-default elementor-section-height-default\" data-id=\"327260f6\" data-element_type=\"section\">\n\t\t\t\t\t\t<div class=\"elementor-container elementor-column-gap-default\">\n\t\t\t\t\t<div class=\"elementor-column elementor-col-33 elementor-top-column elementor-element elementor-element-91c1286\" data-id=\"91c1286\" data-element_type=\"column\">\n\t\t\t<div class=\"elementor-widget-wrap elementor-element-populated\">\n\t\t\t\t\t\t<div class=\"elementor-element elementor-element-17b5748f elementor-widget elementor-widget-image\" data-id=\"17b5748f\" data-element_type=\"widget\" data-widget_type=\"image.default\">\n\t\t\t\t<div class=\"elementor-widget-container\">\n\t\t\t\t\t\t\t\t\t\t\t\t\t\t<a href=\"http:\/\/abq-ap.org.br\/snct2022\/dia-25-10\/\">\n\t\t\t\t\t\t\t<img width=\"640\" height=\"476\" src=\"https:\/\/abq-ap.org.br\/snct2022\/wp-content\/uploads\/2022\/10\/DIA-25-1024x762.png\" class=\"attachment-large size-large wp-image-585\" alt=\"\" srcset=\"https:\/\/abq-ap.org.br\/snct2022\/wp-content\/uploads\/2022\/10\/DIA-25-1024x762.png 1024w, https:\/\/abq-ap.org.br\/snct2022\/wp-content\/uploads\/2022\/10\/DIA-25-300x223.png 300w, https:\/\/abq-ap.org.br\/snct2022\/wp-content\/uploads\/2022\/10\/DIA-25-768x571.png 768w, https:\/\/abq-ap.org.br\/snct2022\/wp-content\/uploads\/2022\/10\/DIA-25-1536x1142.png 1536w, https:\/\/abq-ap.org.br\/snct2022\/wp-content\/uploads\/2022\/10\/DIA-25-2048x1523.png 2048w\" sizes=\"(max-width: 640px) 100vw, 640px\" \/>\t\t\t\t\t\t\t\t<\/a>\n\t\t\t\t\t\t\t\t\t\t\t\t\t<\/div>\n\t\t\t\t<\/div>\n\t\t\t\t\t<\/div>\n\t\t<\/div>\n\t\t\t\t<div class=\"elementor-column elementor-col-33 elementor-top-column elementor-element elementor-element-823c553\" data-id=\"823c553\" data-element_type=\"column\">\n\t\t\t<div class=\"elementor-widget-wrap elementor-element-populated\">\n\t\t\t\t\t\t<div class=\"elementor-element elementor-element-526290fb elementor-widget elementor-widget-image\" data-id=\"526290fb\" data-element_type=\"widget\" data-widget_type=\"image.default\">\n\t\t\t\t<div class=\"elementor-widget-container\">\n\t\t\t\t\t\t\t\t\t\t\t\t\t\t<a href=\"http:\/\/abq-ap.org.br\/snct2022\/dia-26-10\/\">\n\t\t\t\t\t\t\t<img width=\"640\" height=\"476\" src=\"https:\/\/abq-ap.org.br\/snct2022\/wp-content\/uploads\/2022\/10\/DIA-26-1024x762.png\" class=\"attachment-large size-large wp-image-586\" alt=\"\" srcset=\"https:\/\/abq-ap.org.br\/snct2022\/wp-content\/uploads\/2022\/10\/DIA-26-1024x762.png 1024w, https:\/\/abq-ap.org.br\/snct2022\/wp-content\/uploads\/2022\/10\/DIA-26-300x223.png 300w, https:\/\/abq-ap.org.br\/snct2022\/wp-content\/uploads\/2022\/10\/DIA-26-768x571.png 768w, https:\/\/abq-ap.org.br\/snct2022\/wp-content\/uploads\/2022\/10\/DIA-26-1536x1142.png 1536w, https:\/\/abq-ap.org.br\/snct2022\/wp-content\/uploads\/2022\/10\/DIA-26-2048x1523.png 2048w\" sizes=\"(max-width: 640px) 100vw, 640px\" \/>\t\t\t\t\t\t\t\t<\/a>\n\t\t\t\t\t\t\t\t\t\t\t\t\t<\/div>\n\t\t\t\t<\/div>\n\t\t\t\t\t<\/div>\n\t\t<\/div>\n\t\t\t\t<div class=\"elementor-column elementor-col-33 elementor-top-column elementor-element elementor-element-516e2a24\" data-id=\"516e2a24\" data-element_type=\"column\">\n\t\t\t<div class=\"elementor-widget-wrap elementor-element-populated\">\n\t\t\t\t\t\t<div class=\"elementor-element elementor-element-4f2de78a elementor-widget elementor-widget-image\" data-id=\"4f2de78a\" data-element_type=\"widget\" data-widget_type=\"image.default\">\n\t\t\t\t<div class=\"elementor-widget-container\">\n\t\t\t\t\t\t\t\t\t\t\t\t\t\t<a href=\"http:\/\/abq-ap.org.br\/snct2022\/dia-27-10\/\">\n\t\t\t\t\t\t\t<img loading=\"lazy\" width=\"640\" height=\"476\" src=\"https:\/\/abq-ap.org.br\/snct2022\/wp-content\/uploads\/2022\/10\/DIA-27-1024x762.png\" class=\"attachment-large size-large wp-image-587\" alt=\"\" srcset=\"https:\/\/abq-ap.org.br\/snct2022\/wp-content\/uploads\/2022\/10\/DIA-27-1024x762.png 1024w, https:\/\/abq-ap.org.br\/snct2022\/wp-content\/uploads\/2022\/10\/DIA-27-300x223.png 300w, https:\/\/abq-ap.org.br\/snct2022\/wp-content\/uploads\/2022\/10\/DIA-27-768x571.png 768w, https:\/\/abq-ap.org.br\/snct2022\/wp-content\/uploads\/2022\/10\/DIA-27-1536x1142.png 1536w, https:\/\/abq-ap.org.br\/snct2022\/wp-content\/uploads\/2022\/10\/DIA-27-2048x1523.png 2048w\" sizes=\"(max-width: 640px) 100vw, 640px\" \/>\t\t\t\t\t\t\t\t<\/a>\n\t\t\t\t\t\t\t\t\t\t\t\t\t<\/div>\n\t\t\t\t<\/div>\n\t\t\t\t\t<\/div>\n\t\t<\/div>\n\t\t\t\t\t<\/div>\n\t\t<\/section>\n\t\t\t\t<\/div>\n\t\t","protected":false},"excerpt":{"rendered":"<p>MATERIAL DE DIVULGA\u00c7\u00c3O: Quer divulgar sua participa\u00e7\u00e3o na 19\u00aa SEMANA NACIONAL DE CIENCIA E TECNOLOGIA NO AMAPA: Bionorte e ABQ AP? Baixe a imagem correspondente \u00e0 categoria da sua atividade, acrescente as informa\u00e7\u00f5es necess\u00e1rias em algum editor de imagem e compartilhe nas redes sociais! Em sua publica\u00e7\u00e3o, n\u00e3o se esque\u00e7a de colocar #snctap e #snct2022ap, e de marcar os perfis&#8230;<\/p>\n","protected":false},"author":1,"featured_media":0,"parent":0,"menu_order":0,"comment_status":"closed","ping_status":"closed","template":"elementor_header_footer","meta":{"om_disable_all_campaigns":false,"_monsterinsights_skip_tracking":false,"_monsterinsights_sitenote_active":false,"_monsterinsights_sitenote_note":"","_monsterinsights_sitenote_category":0},"aioseo_notices":[],"_links":{"self":[{"href":"https:\/\/abq-ap.org.br\/snct2022\/wp-json\/wp\/v2\/pages\/651"}],"collection":[{"href":"https:\/\/abq-ap.org.br\/snct2022\/wp-json\/wp\/v2\/pages"}],"about":[{"href":"https:\/\/abq-ap.org.br\/snct2022\/wp-json\/wp\/v2\/types\/page"}],"author":[{"embeddable":true,"href":"https:\/\/abq-ap.org.br\/snct2022\/wp-json\/wp\/v2\/users\/1"}],"replies":[{"embeddable":true,"href":"https:\/\/abq-ap.org.br\/snct2022\/wp-json\/wp\/v2\/comments?post=651"}],"version-history":[{"count":4,"href":"https:\/\/abq-ap.org.br\/snct2022\/wp-json\/wp\/v2\/pages\/651\/revisions"}],"predecessor-version":[{"id":661,"href":"https:\/\/abq-ap.org.br\/snct2022\/wp-json\/wp\/v2\/pages\/651\/revisions\/661"}],"wp:attachment":[{"href":"https:\/\/abq-ap.org.br\/snct2022\/wp-json\/wp\/v2\/media?parent=651"}],"curies":[{"name":"wp","href":"https:\/\/api.w.org\/{rel}","templated":true}]}}