 {"id":1382,"date":"2024-06-06T11:15:29","date_gmt":"2024-06-06T14:15:29","guid":{"rendered":"https:\/\/abq-ap.org.br\/wbbba24\/?page_id=1382"},"modified":"2024-08-07T00:31:00","modified_gmt":"2024-08-07T03:31:00","slug":"programacao","status":"publish","type":"page","link":"https:\/\/abq-ap.org.br\/wbbba24\/programacao\/","title":{"rendered":"PROGRAMA\u00c7\u00c3O"},"content":{"rendered":"\t\t<div data-elementor-type=\"wp-page\" data-elementor-id=\"1382\" class=\"elementor elementor-1382\">\n\t\t\t\t\t\t<section class=\"elementor-section elementor-top-section elementor-element elementor-element-6ba582af elementor-section-boxed elementor-section-height-default elementor-section-height-default wpr-particle-no wpr-jarallax-no wpr-parallax-no wpr-sticky-section-no\" data-id=\"6ba582af\" data-element_type=\"section\" id=\"features\">\n\t\t\t\t\t\t<div class=\"elementor-container elementor-column-gap-default\">\n\t\t\t\t\t<div class=\"elementor-column elementor-col-100 elementor-top-column elementor-element elementor-element-67a2514e\" data-id=\"67a2514e\" data-element_type=\"column\">\n\t\t\t<div class=\"elementor-widget-wrap elementor-element-populated\">\n\t\t\t\t\t\t<div class=\"elementor-element elementor-element-76dbc2cc elementor-widget elementor-widget-heading\" data-id=\"76dbc2cc\" data-element_type=\"widget\" data-widget_type=\"heading.default\">\n\t\t\t\t<div class=\"elementor-widget-container\">\n\t\t\t<style>\/*! elementor - v3.22.0 - 26-06-2024 *\/\n.elementor-heading-title{padding:0;margin:0;line-height:1}.elementor-widget-heading .elementor-heading-title[class*=elementor-size-]>a{color:inherit;font-size:inherit;line-height:inherit}.elementor-widget-heading .elementor-heading-title.elementor-size-small{font-size:15px}.elementor-widget-heading .elementor-heading-title.elementor-size-medium{font-size:19px}.elementor-widget-heading .elementor-heading-title.elementor-size-large{font-size:29px}.elementor-widget-heading .elementor-heading-title.elementor-size-xl{font-size:39px}.elementor-widget-heading .elementor-heading-title.elementor-size-xxl{font-size:59px}<\/style><h2 class=\"elementor-heading-title elementor-size-default\">Programa\u00e7\u00e3o do Evento (Hor\u00e1rio de Bras\u00edlia)<\/h2>\t\t<\/div>\n\t\t\t\t<\/div>\n\t\t\t\t<section class=\"elementor-section elementor-inner-section elementor-element elementor-element-2d6ffe18 elementor-section-boxed elementor-section-height-default elementor-section-height-default wpr-particle-no wpr-jarallax-no wpr-parallax-no wpr-sticky-section-no\" data-id=\"2d6ffe18\" data-element_type=\"section\">\n\t\t\t\t\t\t<div class=\"elementor-container elementor-column-gap-default\">\n\t\t\t\t\t<div class=\"elementor-column elementor-col-100 elementor-inner-column elementor-element elementor-element-126cd5e6\" data-id=\"126cd5e6\" data-element_type=\"column\">\n\t\t\t<div class=\"elementor-widget-wrap elementor-element-populated\">\n\t\t\t\t\t\t<div class=\"elementor-element elementor-element-472c8f8e elementor-widget elementor-widget-html\" data-id=\"472c8f8e\" data-element_type=\"widget\" data-widget_type=\"html.default\">\n\t\t\t\t<div class=\"elementor-widget-container\">\n\t\t\t<div id=\"even3-widget-session\" height=\"auto\"><\/div>\r\n<script src=\"https:\/\/www.even3.com.br\/widget\/js?e=viii_wbbba_2024&t=session&lang=pt\"><\/script> \t\t<\/div>\n\t\t\t\t<\/div>\n\t\t\t\t\t<\/div>\n\t\t<\/div>\n\t\t\t\t\t<\/div>\n\t\t<\/section>\n\t\t\t\t\t<\/div>\n\t\t<\/div>\n\t\t\t\t\t<\/div>\n\t\t<\/section>\n\t\t\t\t<section class=\"elementor-section elementor-top-section elementor-element elementor-element-50d3bd30 elementor-section-boxed elementor-section-height-default elementor-section-height-default wpr-particle-no wpr-jarallax-no wpr-parallax-no wpr-sticky-section-no\" data-id=\"50d3bd30\" data-element_type=\"section\" id=\"businessplans\" data-settings=\"{&quot;background_background&quot;:&quot;classic&quot;}\">\n\t\t\t\t\t\t\t<div class=\"elementor-background-overlay\"><\/div>\n\t\t\t\t\t\t\t<div class=\"elementor-container elementor-column-gap-wide\">\n\t\t\t\t\t<div class=\"elementor-column elementor-col-100 elementor-top-column elementor-element elementor-element-5ea4d8a6\" data-id=\"5ea4d8a6\" data-element_type=\"column\">\n\t\t\t<div class=\"elementor-widget-wrap elementor-element-populated\">\n\t\t\t\t\t\t<div class=\"elementor-element elementor-element-669670b1 elementor-view-default elementor-position-top elementor-mobile-position-top elementor-widget elementor-widget-icon-box\" data-id=\"669670b1\" data-element_type=\"widget\" data-widget_type=\"icon-box.default\">\n\t\t\t\t<div class=\"elementor-widget-container\">\n\t\t\t<link rel=\"stylesheet\" href=\"https:\/\/abq-ap.org.br\/wbbba24\/wp-content\/uploads\/elementor\/css\/custom-widget-icon-box.min.css?ver=1720201884\">\t\t<div class=\"elementor-icon-box-wrapper\">\n\n\t\t\t\t\t\t<div class=\"elementor-icon-box-icon\">\n\t\t\t\t<a href=\"https:\/\/abq-ap.org.br\/wbbba24\/wp-content\/uploads\/2024\/08\/PROGRAMACAO-CIENTIFICA-VIII-Workshop-Brasileiro-de-Biodiversidade-e-Biotecnologia-da-Amazonia_pagenumber.pdf\" class=\"elementor-icon elementor-animation-\" tabindex=\"-1\">\n\t\t\t\t<svg aria-hidden=\"true\" class=\"e-font-icon-svg e-fas-dna\" viewBox=\"0 0 448 512\" xmlns=\"http:\/\/www.w3.org\/2000\/svg\"><path d=\"M.1 494.1c-1.1 9.5 6.3 17.8 15.9 17.8l32.3.1c8.1 0 14.9-5.9 16-13.9.7-4.9 1.8-11.1 3.4-18.1H380c1.6 6.9 2.9 13.2 3.5 18.1 1.1 8 7.9 14 16 13.9l32.3-.1c9.6 0 17.1-8.3 15.9-17.8-4.6-37.9-25.6-129-118.9-207.7-17.6 12.4-37.1 24.2-58.5 35.4 6.2 4.6 11.4 9.4 17 14.2H159.7c21.3-18.1 47-35.6 78.7-51.4C410.5 199.1 442.1 65.8 447.9 17.9 449 8.4 441.6.1 432 .1L399.6 0c-8.1 0-14.9 5.9-16 13.9-.7 4.9-1.8 11.1-3.4 18.1H67.8c-1.6-7-2.7-13.1-3.4-18.1-1.1-8-7.9-14-16-13.9L16.1.1C6.5.1-1 8.4.1 17.9 5.3 60.8 31.4 171.8 160 256 31.5 340.2 5.3 451.2.1 494.1zM224 219.6c-25.1-13.7-46.4-28.4-64.3-43.6h128.5c-17.8 15.2-39.1 30-64.2 43.6zM355.1 96c-5.8 10.4-12.8 21.1-21 32H114c-8.3-10.9-15.3-21.6-21-32h262.1zM92.9 416c5.8-10.4 12.8-21.1 21-32h219.4c8.3 10.9 15.4 21.6 21.2 32H92.9z\"><\/path><\/svg>\t\t\t\t<\/a>\n\t\t\t<\/div>\n\t\t\t\n\t\t\t\t\t\t<div class=\"elementor-icon-box-content\">\n\n\t\t\t\t\t\t\t\t\t<h3 class=\"elementor-icon-box-title\">\n\t\t\t\t\t\t<a href=\"https:\/\/abq-ap.org.br\/wbbba24\/wp-content\/uploads\/2024\/08\/PROGRAMACAO-CIENTIFICA-VIII-Workshop-Brasileiro-de-Biodiversidade-e-Biotecnologia-da-Amazonia_pagenumber.pdf\" >\n\t\t\t\t\t\t\t PROGRAMA\u00c7\u00c3O CIENT\u00cdFICA VIII Workshop Brasileiro de Biodiversidade e Biotecnologia da Amaz\u00f4nia - Clique Aqui para Baixar\t\t\t\t\t\t<\/a>\n\t\t\t\t\t<\/h3>\n\t\t\t\t\n\t\t\t\t\t\t\t\t\t<p class=\"elementor-icon-box-description\">\n\t\t\t\t\t\t\n\n\n\n\n\n\n\n\n\n\t\t\t\t\t<\/p>\n\t\t\t\t\n\t\t\t<\/div>\n\t\t\t\n\t\t<\/div>\n\t\t\t\t<\/div>\n\t\t\t\t<\/div>\n\t\t\t\t<div class=\"elementor-element elementor-element-41287947 elementor-view-default elementor-position-top elementor-mobile-position-top elementor-widget elementor-widget-icon-box\" data-id=\"41287947\" data-element_type=\"widget\" data-widget_type=\"icon-box.default\">\n\t\t\t\t<div class=\"elementor-widget-container\">\n\t\t\t\t\t<div class=\"elementor-icon-box-wrapper\">\n\n\t\t\t\t\t\t<div class=\"elementor-icon-box-icon\">\n\t\t\t\t<a href=\"https:\/\/abq-ap.org.br\/wbbba24\/wp-content\/uploads\/2024\/08\/PROGRAMACAO-CIENTIFICA-1a-CONFERENCIA-ESTADUAL-DO-CAMARAO-DA-AMAZONIA-Auditorio-Silas-Muchiutti-Embrapa-AP-Data-08082024-09082024-1.pdf\" class=\"elementor-icon elementor-animation-\" tabindex=\"-1\">\n\t\t\t\t<svg aria-hidden=\"true\" class=\"e-font-icon-svg e-fas-flask\" viewBox=\"0 0 448 512\" xmlns=\"http:\/\/www.w3.org\/2000\/svg\"><path d=\"M437.2 403.5L320 215V64h8c13.3 0 24-10.7 24-24V24c0-13.3-10.7-24-24-24H120c-13.3 0-24 10.7-24 24v16c0 13.3 10.7 24 24 24h8v151L10.8 403.5C-18.5 450.6 15.3 512 70.9 512h306.2c55.7 0 89.4-61.5 60.1-108.5zM137.9 320l48.2-77.6c3.7-5.2 5.8-11.6 5.8-18.4V64h64v160c0 6.9 2.2 13.2 5.8 18.4l48.2 77.6h-172z\"><\/path><\/svg>\t\t\t\t<\/a>\n\t\t\t<\/div>\n\t\t\t\n\t\t\t\t\t\t<div class=\"elementor-icon-box-content\">\n\n\t\t\t\t\t\t\t\t\t<h3 class=\"elementor-icon-box-title\">\n\t\t\t\t\t\t<a href=\"https:\/\/abq-ap.org.br\/wbbba24\/wp-content\/uploads\/2024\/08\/PROGRAMACAO-CIENTIFICA-1a-CONFERENCIA-ESTADUAL-DO-CAMARAO-DA-AMAZONIA-Auditorio-Silas-Muchiutti-Embrapa-AP-Data-08082024-09082024-1.pdf\" >\n\t\t\t\t\t\t\tPROGRAMA\u00c7\u00c3O CIENT\u00cdFICA 1\u00aa CONFER\u00caNCIA ESTADUAL DO CAMAR\u00c3O DA AMAZ\u00d4NIA  Clique Aqui para Baixar\t\t\t\t\t\t<\/a>\n\t\t\t\t\t<\/h3>\n\t\t\t\t\n\t\t\t\t\t\t\t\t\t<p class=\"elementor-icon-box-description\">\n\t\t\t\t\t\t\n\n\n\n\n\n\n\t\t\t\t\t<\/p>\n\t\t\t\t\n\t\t\t<\/div>\n\t\t\t\n\t\t<\/div>\n\t\t\t\t<\/div>\n\t\t\t\t<\/div>\n\t\t\t\t\t<\/div>\n\t\t<\/div>\n\t\t\t\t\t<\/div>\n\t\t<\/section>\n\t\t\t\t<\/div>\n\t\t","protected":false},"excerpt":{"rendered":"<p>Programa\u00e7\u00e3o do Evento (Hor\u00e1rio de Bras\u00edlia) PROGRAMA\u00c7\u00c3O CIENT\u00cdFICA VIII Workshop Brasileiro de Biodiversidade e Biotecnologia da Amaz\u00f4nia &#8211; Clique Aqui para Baixar PROGRAMA\u00c7\u00c3O CIENT\u00cdFICA 1\u00aa CONFER\u00caNCIA ESTADUAL DO CAMAR\u00c3O DA AMAZ\u00d4NIA Clique Aqui para Baixar<\/p>\n","protected":false},"author":1,"featured_media":0,"parent":0,"menu_order":0,"comment_status":"closed","ping_status":"closed","template":"","meta":{"footnotes":""},"_links":{"self":[{"href":"https:\/\/abq-ap.org.br\/wbbba24\/wp-json\/wp\/v2\/pages\/1382"}],"collection":[{"href":"https:\/\/abq-ap.org.br\/wbbba24\/wp-json\/wp\/v2\/pages"}],"about":[{"href":"https:\/\/abq-ap.org.br\/wbbba24\/wp-json\/wp\/v2\/types\/page"}],"author":[{"embeddable":true,"href":"https:\/\/abq-ap.org.br\/wbbba24\/wp-json\/wp\/v2\/users\/1"}],"replies":[{"embeddable":true,"href":"https:\/\/abq-ap.org.br\/wbbba24\/wp-json\/wp\/v2\/comments?post=1382"}],"version-history":[{"count":35,"href":"https:\/\/abq-ap.org.br\/wbbba24\/wp-json\/wp\/v2\/pages\/1382\/revisions"}],"predecessor-version":[{"id":1915,"href":"https:\/\/abq-ap.org.br\/wbbba24\/wp-json\/wp\/v2\/pages\/1382\/revisions\/1915"}],"wp:attachment":[{"href":"https:\/\/abq-ap.org.br\/wbbba24\/wp-json\/wp\/v2\/media?parent=1382"}],"curies":[{"name":"wp","href":"https:\/\/api.w.org\/{rel}","templated":true}]}}