 {"id":1413,"date":"2024-06-06T11:21:14","date_gmt":"2024-06-06T14:21:14","guid":{"rendered":"https:\/\/abq-ap.org.br\/wbbba24\/?page_id=1413"},"modified":"2024-06-06T11:23:18","modified_gmt":"2024-06-06T14:23:18","slug":"sobre","status":"publish","type":"page","link":"https:\/\/abq-ap.org.br\/wbbba24\/sobre\/","title":{"rendered":"SOBRE"},"content":{"rendered":"\t\t<div data-elementor-type=\"wp-page\" data-elementor-id=\"1413\" class=\"elementor elementor-1413\">\n\t\t\t\t<div class=\"elementor-element elementor-element-349441b e-flex e-con-boxed wpr-particle-no wpr-jarallax-no wpr-parallax-no wpr-sticky-section-no e-con e-parent\" data-id=\"349441b\" data-element_type=\"container\">\n\t\t\t\t\t<div class=\"e-con-inner\">\n\t\t\t\t<div class=\"elementor-element elementor-element-382880c elementor-arrows-position-inside elementor-pagination-position-outside elementor-widget elementor-widget-image-carousel\" data-id=\"382880c\" data-element_type=\"widget\" data-settings=\"{&quot;slides_to_show&quot;:&quot;1&quot;,&quot;navigation&quot;:&quot;both&quot;,&quot;autoplay&quot;:&quot;yes&quot;,&quot;pause_on_hover&quot;:&quot;yes&quot;,&quot;pause_on_interaction&quot;:&quot;yes&quot;,&quot;autoplay_speed&quot;:5000,&quot;infinite&quot;:&quot;yes&quot;,&quot;effect&quot;:&quot;slide&quot;,&quot;speed&quot;:500}\" data-widget_type=\"image-carousel.default\">\n\t\t\t\t<div class=\"elementor-widget-container\">\n\t\t\t<style>\/*! elementor - v3.22.0 - 26-06-2024 *\/\n.elementor-widget-image-carousel .swiper,.elementor-widget-image-carousel .swiper-container{position:static}.elementor-widget-image-carousel .swiper-container .swiper-slide figure,.elementor-widget-image-carousel .swiper .swiper-slide figure{line-height:inherit}.elementor-widget-image-carousel .swiper-slide{text-align:center}.elementor-image-carousel-wrapper:not(.swiper-container-initialized):not(.swiper-initialized) .swiper-slide{max-width:calc(100% \/ var(--e-image-carousel-slides-to-show, 3))}<\/style>\t\t<div class=\"elementor-image-carousel-wrapper swiper\" dir=\"ltr\">\n\t\t\t<div class=\"elementor-image-carousel swiper-wrapper\" aria-live=\"off\">\n\t\t\t\t\t\t\t\t<div class=\"swiper-slide\" role=\"group\" aria-roledescription=\"slide\" aria-label=\"1 de 1\"><figure class=\"swiper-slide-inner\"><img decoding=\"async\" class=\"swiper-slide-image\" src=\"https:\/\/abq-ap.org.br\/wbbba24\/wp-content\/uploads\/2024\/06\/wbbba24-1.png\" alt=\"wbbba24-1\" \/><\/figure><\/div>\t\t\t<\/div>\n\t\t\t\t\t<\/div>\n\t\t\t\t<\/div>\n\t\t\t\t<\/div>\n\t\t\t\t\t<\/div>\n\t\t\t\t<\/div>\n\t\t\t\t<section class=\"elementor-section elementor-top-section elementor-element elementor-element-1cda57e8 elementor-section-boxed elementor-section-height-default elementor-section-height-default wpr-particle-no wpr-jarallax-no wpr-parallax-no wpr-sticky-section-no\" data-id=\"1cda57e8\" data-element_type=\"section\" id=\"businessplans\" data-settings=\"{&quot;background_background&quot;:&quot;classic&quot;}\">\n\t\t\t\t\t\t\t<div class=\"elementor-background-overlay\"><\/div>\n\t\t\t\t\t\t\t<div class=\"elementor-container elementor-column-gap-wide\">\n\t\t\t\t\t<div class=\"elementor-column elementor-col-50 elementor-top-column elementor-element elementor-element-7e3ac537\" data-id=\"7e3ac537\" data-element_type=\"column\">\n\t\t\t<div class=\"elementor-widget-wrap elementor-element-populated\">\n\t\t\t\t\t\t<div class=\"elementor-element elementor-element-66042bac elementor-widget elementor-widget-heading\" data-id=\"66042bac\" data-element_type=\"widget\" data-widget_type=\"heading.default\">\n\t\t\t\t<div class=\"elementor-widget-container\">\n\t\t\t<style>\/*! elementor - v3.22.0 - 26-06-2024 *\/\n.elementor-heading-title{padding:0;margin:0;line-height:1}.elementor-widget-heading .elementor-heading-title[class*=elementor-size-]>a{color:inherit;font-size:inherit;line-height:inherit}.elementor-widget-heading .elementor-heading-title.elementor-size-small{font-size:15px}.elementor-widget-heading .elementor-heading-title.elementor-size-medium{font-size:19px}.elementor-widget-heading .elementor-heading-title.elementor-size-large{font-size:29px}.elementor-widget-heading .elementor-heading-title.elementor-size-xl{font-size:39px}.elementor-widget-heading .elementor-heading-title.elementor-size-xxl{font-size:59px}<\/style><h2 class=\"elementor-heading-title elementor-size-default\">SOBRE O EVENTO<\/h2>\t\t<\/div>\n\t\t\t\t<\/div>\n\t\t\t\t<div class=\"elementor-element elementor-element-2ffbc818 elementor-widget elementor-widget-heading\" data-id=\"2ffbc818\" data-element_type=\"widget\" data-widget_type=\"heading.default\">\n\t\t\t\t<div class=\"elementor-widget-container\">\n\t\t\t<h2 class=\"elementor-heading-title elementor-size-default\">VIIIWBBBA 2024<\/h2>\t\t<\/div>\n\t\t\t\t<\/div>\n\t\t\t\t<div class=\"elementor-element elementor-element-45f8881a elementor-widget elementor-widget-text-editor\" data-id=\"45f8881a\" data-element_type=\"widget\" data-widget_type=\"text-editor.default\">\n\t\t\t\t<div class=\"elementor-widget-container\">\n\t\t\t<style>\/*! elementor - v3.22.0 - 26-06-2024 *\/\n.elementor-widget-text-editor.elementor-drop-cap-view-stacked .elementor-drop-cap{background-color:#69727d;color:#fff}.elementor-widget-text-editor.elementor-drop-cap-view-framed .elementor-drop-cap{color:#69727d;border:3px solid;background-color:transparent}.elementor-widget-text-editor:not(.elementor-drop-cap-view-default) .elementor-drop-cap{margin-top:8px}.elementor-widget-text-editor:not(.elementor-drop-cap-view-default) .elementor-drop-cap-letter{width:1em;height:1em}.elementor-widget-text-editor .elementor-drop-cap{float:left;text-align:center;line-height:1;font-size:50px}.elementor-widget-text-editor .elementor-drop-cap-letter{display:inline-block}<\/style>\t\t\t\t<p>VIII Workshop Brasileiro de Biodiversidade e Biotecnologia da Amaz\u00f4nia e o I Simp\u00f3sio Cient\u00edfico de Qu\u00edmica da ABQ Amap\u00e1<\/p>\t\t\t\t\t\t<\/div>\n\t\t\t\t<\/div>\n\t\t\t\t<section class=\"elementor-section elementor-inner-section elementor-element elementor-element-7d704d73 elementor-section-boxed elementor-section-height-default elementor-section-height-default wpr-particle-no wpr-jarallax-no wpr-parallax-no wpr-sticky-section-no\" data-id=\"7d704d73\" data-element_type=\"section\">\n\t\t\t\t\t\t<div class=\"elementor-container elementor-column-gap-default\">\n\t\t\t\t\t<div class=\"elementor-column elementor-col-50 elementor-inner-column elementor-element elementor-element-2e85a924\" data-id=\"2e85a924\" data-element_type=\"column\">\n\t\t\t<div class=\"elementor-widget-wrap elementor-element-populated\">\n\t\t\t\t\t\t<div class=\"elementor-element elementor-element-53601514 elementor-view-default elementor-position-top elementor-mobile-position-top elementor-widget elementor-widget-icon-box\" data-id=\"53601514\" data-element_type=\"widget\" data-widget_type=\"icon-box.default\">\n\t\t\t\t<div class=\"elementor-widget-container\">\n\t\t\t<link rel=\"stylesheet\" href=\"https:\/\/abq-ap.org.br\/wbbba24\/wp-content\/uploads\/elementor\/css\/custom-widget-icon-box.min.css?ver=1720201884\">\t\t<div class=\"elementor-icon-box-wrapper\">\n\n\t\t\t\t\t\t<div class=\"elementor-icon-box-icon\">\n\t\t\t\t<span  class=\"elementor-icon elementor-animation-\">\n\t\t\t\t<svg aria-hidden=\"true\" class=\"e-font-icon-svg e-fas-check-circle\" viewBox=\"0 0 512 512\" xmlns=\"http:\/\/www.w3.org\/2000\/svg\"><path d=\"M504 256c0 136.967-111.033 248-248 248S8 392.967 8 256 119.033 8 256 8s248 111.033 248 248zM227.314 387.314l184-184c6.248-6.248 6.248-16.379 0-22.627l-22.627-22.627c-6.248-6.249-16.379-6.249-22.628 0L216 308.118l-70.059-70.059c-6.248-6.248-16.379-6.248-22.628 0l-22.627 22.627c-6.248 6.248-6.248 16.379 0 22.627l104 104c6.249 6.249 16.379 6.249 22.628.001z\"><\/path><\/svg>\t\t\t\t<\/span>\n\t\t\t<\/div>\n\t\t\t\n\t\t\t\t\t\t<div class=\"elementor-icon-box-content\">\n\n\t\t\t\t\t\t\t\t\t<h3 class=\"elementor-icon-box-title\">\n\t\t\t\t\t\t<span  >\n\t\t\t\t\t\t\tSOBRE\t\t\t\t\t\t<\/span>\n\t\t\t\t\t<\/h3>\n\t\t\t\t\n\t\t\t\t\t\t\t\t\t<p class=\"elementor-icon-box-description\">\n\t\t\t\t\t\tEventos marcantes que reunir\u00e3o pesquisadores, estudantes e profissionais para discutir os desafios e oportunidades na interse\u00e7\u00e3o entre biodiversidade, biotecnologia e qu\u00edmica na regi\u00e3o amaz\u00f4nica\t\t\t\t\t<\/p>\n\t\t\t\t\n\t\t\t<\/div>\n\t\t\t\n\t\t<\/div>\n\t\t\t\t<\/div>\n\t\t\t\t<\/div>\n\t\t\t\t\t<\/div>\n\t\t<\/div>\n\t\t\t\t<div class=\"elementor-column elementor-col-50 elementor-inner-column elementor-element elementor-element-1ad3f3c8\" data-id=\"1ad3f3c8\" data-element_type=\"column\">\n\t\t\t<div class=\"elementor-widget-wrap elementor-element-populated\">\n\t\t\t\t\t\t<div class=\"elementor-element elementor-element-62a1bcc7 elementor-view-default elementor-position-top elementor-mobile-position-top elementor-widget elementor-widget-icon-box\" data-id=\"62a1bcc7\" data-element_type=\"widget\" data-widget_type=\"icon-box.default\">\n\t\t\t\t<div class=\"elementor-widget-container\">\n\t\t\t\t\t<div class=\"elementor-icon-box-wrapper\">\n\n\t\t\t\t\t\t<div class=\"elementor-icon-box-icon\">\n\t\t\t\t<span  class=\"elementor-icon elementor-animation-\">\n\t\t\t\t<svg aria-hidden=\"true\" class=\"e-font-icon-svg e-fas-check-circle\" viewBox=\"0 0 512 512\" xmlns=\"http:\/\/www.w3.org\/2000\/svg\"><path d=\"M504 256c0 136.967-111.033 248-248 248S8 392.967 8 256 119.033 8 256 8s248 111.033 248 248zM227.314 387.314l184-184c6.248-6.248 6.248-16.379 0-22.627l-22.627-22.627c-6.248-6.249-16.379-6.249-22.628 0L216 308.118l-70.059-70.059c-6.248-6.248-16.379-6.248-22.628 0l-22.627 22.627c-6.248 6.248-6.248 16.379 0 22.627l104 104c6.249 6.249 16.379 6.249 22.628.001z\"><\/path><\/svg>\t\t\t\t<\/span>\n\t\t\t<\/div>\n\t\t\t\n\t\t\t\t\t\t<div class=\"elementor-icon-box-content\">\n\n\t\t\t\t\t\t\t\t\t<h3 class=\"elementor-icon-box-title\">\n\t\t\t\t\t\t<span  >\n\t\t\t\t\t\t\tCom palestras, mesas-redondas e apresenta\u00e7\u00f5es de trabalhos cient\u00edfico\t\t\t\t\t\t<\/span>\n\t\t\t\t\t<\/h3>\n\t\t\t\t\n\t\t\t\t\t\t\t\t\t<p class=\"elementor-icon-box-description\">\n\t\t\t\t\t\tOs participantes ter\u00e3o a oportunidade de compartilhar conhecimentos, experi\u00eancias e resultados de pesquisa.\t\t\t\t\t<\/p>\n\t\t\t\t\n\t\t\t<\/div>\n\t\t\t\n\t\t<\/div>\n\t\t\t\t<\/div>\n\t\t\t\t<\/div>\n\t\t\t\t\t<\/div>\n\t\t<\/div>\n\t\t\t\t\t<\/div>\n\t\t<\/section>\n\t\t\t\t<section class=\"elementor-section elementor-inner-section elementor-element elementor-element-f0cbe45 elementor-section-boxed elementor-section-height-default elementor-section-height-default wpr-particle-no wpr-jarallax-no wpr-parallax-no wpr-sticky-section-no\" data-id=\"f0cbe45\" data-element_type=\"section\">\n\t\t\t\t\t\t<div class=\"elementor-container elementor-column-gap-default\">\n\t\t\t\t\t<div class=\"elementor-column elementor-col-50 elementor-inner-column elementor-element elementor-element-4fe5a741\" data-id=\"4fe5a741\" data-element_type=\"column\">\n\t\t\t<div class=\"elementor-widget-wrap elementor-element-populated\">\n\t\t\t\t\t\t<div class=\"elementor-element elementor-element-738763f8 elementor-view-default elementor-position-top elementor-mobile-position-top elementor-widget elementor-widget-icon-box\" data-id=\"738763f8\" data-element_type=\"widget\" data-widget_type=\"icon-box.default\">\n\t\t\t\t<div class=\"elementor-widget-container\">\n\t\t\t\t\t<div class=\"elementor-icon-box-wrapper\">\n\n\t\t\t\t\t\t<div class=\"elementor-icon-box-icon\">\n\t\t\t\t<span  class=\"elementor-icon elementor-animation-\">\n\t\t\t\t<svg aria-hidden=\"true\" class=\"e-font-icon-svg e-fas-check-circle\" viewBox=\"0 0 512 512\" xmlns=\"http:\/\/www.w3.org\/2000\/svg\"><path d=\"M504 256c0 136.967-111.033 248-248 248S8 392.967 8 256 119.033 8 256 8s248 111.033 248 248zM227.314 387.314l184-184c6.248-6.248 6.248-16.379 0-22.627l-22.627-22.627c-6.248-6.249-16.379-6.249-22.628 0L216 308.118l-70.059-70.059c-6.248-6.248-16.379-6.248-22.628 0l-22.627 22.627c-6.248 6.248-6.248 16.379 0 22.627l104 104c6.249 6.249 16.379 6.249 22.628.001z\"><\/path><\/svg>\t\t\t\t<\/span>\n\t\t\t<\/div>\n\t\t\t\n\t\t\t\t\t\t<div class=\"elementor-icon-box-content\">\n\n\t\t\t\t\t\t\t\t\t<h3 class=\"elementor-icon-box-title\">\n\t\t\t\t\t\t<span  >\n\t\t\t\t\t\t\tQuest\u00f5es cruciais como conserva\u00e7\u00e3o da biodiversidade e Biotecnologia\t\t\t\t\t\t<\/span>\n\t\t\t\t\t<\/h3>\n\t\t\t\t\n\t\t\t\t\t\t\t\t\t<p class=\"elementor-icon-box-description\">\n\t\t\t\t\t\tUso sustent\u00e1vel dos recursos naturais e desenvolvimento de produtos e processos biotecnol\u00f3gicos ser\u00e3o debatidas, destacando a import\u00e2ncia da colabora\u00e7\u00e3o entre diferentes \u00e1reas do conhecimento para enfrentar os desafios ambientais e promover o desenvolvimento sustent\u00e1vel na Amaz\u00f4nia e demais regi\u00f5es do pa\u00eds.\t\t\t\t\t<\/p>\n\t\t\t\t\n\t\t\t<\/div>\n\t\t\t\n\t\t<\/div>\n\t\t\t\t<\/div>\n\t\t\t\t<\/div>\n\t\t\t\t\t<\/div>\n\t\t<\/div>\n\t\t\t\t<div class=\"elementor-column elementor-col-50 elementor-inner-column elementor-element elementor-element-6567060b\" data-id=\"6567060b\" data-element_type=\"column\">\n\t\t\t<div class=\"elementor-widget-wrap elementor-element-populated\">\n\t\t\t\t\t\t<div class=\"elementor-element elementor-element-52de3e7e elementor-view-default elementor-position-top elementor-mobile-position-top elementor-widget elementor-widget-icon-box\" data-id=\"52de3e7e\" data-element_type=\"widget\" data-widget_type=\"icon-box.default\">\n\t\t\t\t<div class=\"elementor-widget-container\">\n\t\t\t\t\t<div class=\"elementor-icon-box-wrapper\">\n\n\t\t\t\t\t\t<div class=\"elementor-icon-box-icon\">\n\t\t\t\t<span  class=\"elementor-icon elementor-animation-\">\n\t\t\t\t<svg aria-hidden=\"true\" class=\"e-font-icon-svg e-fas-check-circle\" viewBox=\"0 0 512 512\" xmlns=\"http:\/\/www.w3.org\/2000\/svg\"><path d=\"M504 256c0 136.967-111.033 248-248 248S8 392.967 8 256 119.033 8 256 8s248 111.033 248 248zM227.314 387.314l184-184c6.248-6.248 6.248-16.379 0-22.627l-22.627-22.627c-6.248-6.249-16.379-6.249-22.628 0L216 308.118l-70.059-70.059c-6.248-6.248-16.379-6.248-22.628 0l-22.627 22.627c-6.248 6.248-6.248 16.379 0 22.627l104 104c6.249 6.249 16.379 6.249 22.628.001z\"><\/path><\/svg>\t\t\t\t<\/span>\n\t\t\t<\/div>\n\t\t\t\n\t\t\t\t\t\t<div class=\"elementor-icon-box-content\">\n\n\t\t\t\t\t\t\t\t\t<h3 class=\"elementor-icon-box-title\">\n\t\t\t\t\t\t<span  >\n\t\t\t\t\t\t\tEsses eventos n\u00e3o apenas fortalecer\u00e3o a rede cient\u00edfica na regi\u00e3o\t\t\t\t\t\t<\/span>\n\t\t\t\t\t<\/h3>\n\t\t\t\t\n\t\t\t\t\t\t\t\t\t<p class=\"elementor-icon-box-description\">\n\t\t\t\t\t\tEstimular\u00e3o novas parcerias e iniciativas que visam proteger e valorizar a rica diversidade biol\u00f3gica e qu\u00edmica da Amaz\u00f4nia.\t\t\t\t\t<\/p>\n\t\t\t\t\n\t\t\t<\/div>\n\t\t\t\n\t\t<\/div>\n\t\t\t\t<\/div>\n\t\t\t\t<\/div>\n\t\t\t\t\t<\/div>\n\t\t<\/div>\n\t\t\t\t\t<\/div>\n\t\t<\/section>\n\t\t\t\t\t<\/div>\n\t\t<\/div>\n\t\t\t\t<div class=\"elementor-column elementor-col-50 elementor-top-column elementor-element elementor-element-bfc4197\" data-id=\"bfc4197\" data-element_type=\"column\">\n\t\t\t<div class=\"elementor-widget-wrap elementor-element-populated\">\n\t\t\t\t\t\t<div class=\"elementor-element elementor-element-41053a59 elementor-widget elementor-widget-wpr-charts\" data-id=\"41053a59\" data-element_type=\"widget\" data-settings=\"{&quot;legend_font_weight&quot;:400,&quot;data_source&quot;:&quot;custom&quot;,&quot;tooltips_percent&quot;:&quot;true&quot;}\" data-widget_type=\"wpr-charts.default\">\n\t\t\t\t<div class=\"elementor-widget-container\">\n\t\t\t<div class=\"wpr-charts-container\" data-settings=\"{&quot;data_source&quot;:&quot;custom&quot;,&quot;chart_type&quot;:&quot;doughnut&quot;,&quot;stacked_bar_chart&quot;:&quot;yes&quot;,&quot;data_type&quot;:&quot;linear&quot;,&quot;inner_datalabels&quot;:null,&quot;inner_datalabels_color&quot;:null,&quot;inner_datalabels_font_size&quot;:&quot;&quot;,&quot;inner_datalabels_font_family&quot;:&quot;&quot;,&quot;inner_datalabels_font_weight&quot;:&quot;&quot;,&quot;inner_datalabels_font_style&quot;:&quot;&quot;,&quot;ticks_padding_x&quot;:&quot;&quot;,&quot;ticks_color_x&quot;:null,&quot;ticks_font_family_x&quot;:null,&quot;ticks_font_style_x&quot;:null,&quot;ticks_font_weight_x&quot;:null,&quot;ticks_font_size_x&quot;:&quot;&quot;,&quot;ticks_padding_y&quot;:&quot;&quot;,&quot;ticks_color_y&quot;:&quot;&quot;,&quot;point_labels_color_r&quot;:&quot;&quot;,&quot;ticks_font_family_y&quot;:null,&quot;ticks_font_style_y&quot;:null,&quot;ticks_font_weight_y&quot;:null,&quot;ticks_font_size_y&quot;:&quot;&quot;,&quot;point_labels_font_family_r&quot;:null,&quot;point_labels_font_style_r&quot;:null,&quot;point_labels_font_weight_r&quot;:null,&quot;point_labels_font_size_r&quot;:&quot;&quot;,&quot;exclude_dataset_on_click&quot;:&quot;yes&quot;,&quot;trigger_tooltip_on&quot;:&quot;mousemove&quot;,&quot;chart_labels&quot;:[&quot;GRADUA\\u00c7\\u00c3O&quot;,&quot;P\\u00f3s-Gradua\\u00e7\\u00e3o&quot;,&quot;Profissional&quot;],&quot;chart_datasets&quot;:&quot;[{\\&quot;label\\&quot;:\\&quot;Junho\\&quot;,\\&quot;data\\&quot;:[13,20,20],\\&quot;backgroundColor\\&quot;:[\\&quot;#5685FF\\&quot;,\\&quot;#FFD73E\\&quot;,\\&quot;#51D570\\&quot;],\\&quot;hoverBackgroundColor\\&quot;:[\\&quot;#346CFF\\&quot;,\\&quot;#FFB43E\\&quot;,\\&quot;#48BC63\\&quot;],\\&quot;borderColor\\&quot;:[\\&quot;#1A5AFF\\&quot;,\\&quot;#FFB522\\&quot;,\\&quot;#39C259\\&quot;],\\&quot;hoverBorderColor\\&quot;:[\\&quot;#1A5AFF\\&quot;,\\&quot;#FFB43E\\&quot;,\\&quot;#51D570\\&quot;],\\&quot;borderWidth\\&quot;:[\\&quot;1\\&quot;,\\&quot;1\\&quot;,\\&quot;1\\&quot;],\\&quot;barPercentage\\&quot;:[]},{\\&quot;label\\&quot;:\\&quot; Julho\\&quot;,\\&quot;data\\&quot;:[11,10,23],\\&quot;backgroundColor\\&quot;:[\\&quot;#5685FF\\&quot;,\\&quot;#FFD73E\\&quot;,\\&quot;#51D570\\&quot;],\\&quot;hoverBackgroundColor\\&quot;:[\\&quot;#346CFF\\&quot;,\\&quot;#FFB43E\\&quot;,\\&quot;#48BC63\\&quot;],\\&quot;borderColor\\&quot;:[\\&quot;#1A5AFF\\&quot;,\\&quot;#FFB522\\&quot;,\\&quot;#39C259\\&quot;],\\&quot;hoverBorderColor\\&quot;:[\\&quot;#1A5AFF\\&quot;,\\&quot;#FFB43E\\&quot;,\\&quot;#51D570\\&quot;],\\&quot;borderWidth\\&quot;:[\\&quot;1\\&quot;,\\&quot;1\\&quot;,\\&quot;1\\&quot;],\\&quot;barPercentage\\&quot;:[]},{\\&quot;label\\&quot;:\\&quot; Agosto\\&quot;,\\&quot;data\\&quot;:[15,33,23],\\&quot;backgroundColor\\&quot;:[\\&quot;#5685FF\\&quot;,\\&quot;#FFD73E\\&quot;,\\&quot;#51D570\\&quot;],\\&quot;hoverBackgroundColor\\&quot;:[\\&quot;#346CFF\\&quot;,\\&quot;#FFB43E\\&quot;,\\&quot;#48BC63\\&quot;],\\&quot;borderColor\\&quot;:[\\&quot;#1A5AFF\\&quot;,\\&quot;#FFB522\\&quot;,\\&quot;#39C259\\&quot;],\\&quot;hoverBorderColor\\&quot;:[\\&quot;#1A5AFF\\&quot;,\\&quot;#FFB43E\\&quot;,\\&quot;#51D570\\&quot;],\\&quot;borderWidth\\&quot;:[\\&quot;1\\&quot;,\\&quot;1\\&quot;,\\&quot;1\\&quot;],\\&quot;barPercentage\\&quot;:[]}]&quot;,&quot;show_chart_legend&quot;:&quot;yes&quot;,&quot;reverse_legend&quot;:&quot;no&quot;,&quot;reverse_x&quot;:null,&quot;reverse_y&quot;:null,&quot;legend_shape&quot;:&quot;rectangle&quot;,&quot;legend_box_width&quot;:40,&quot;legend_position&quot;:&quot;top&quot;,&quot;legend_align&quot;:&quot;center&quot;,&quot;legend_text_color&quot;:&quot;#222222&quot;,&quot;legend_font_family&quot;:&quot;Poppins&quot;,&quot;legend_font_size&quot;:14,&quot;legend_font_style&quot;:&quot;normal&quot;,&quot;legend_font_weight&quot;:400,&quot;legend_padding&quot;:10,&quot;chart_animation&quot;:&quot;yes&quot;,&quot;chart_animation_loop&quot;:&quot;&quot;,&quot;chart_animation_duration&quot;:&quot;&quot;,&quot;animation_transition_type&quot;:null,&quot;show_chart_title&quot;:&quot;&quot;,&quot;chart_title&quot;:&quot;&quot;,&quot;chart_title_align&quot;:&quot;&quot;,&quot;chart_title_position&quot;:&quot;&quot;,&quot;chart_title_color&quot;:&quot;&quot;,&quot;title_font_family&quot;:null,&quot;title_font_size&quot;:&quot;&quot;,&quot;title_font_style&quot;:&quot;&quot;,&quot;title_font_weight&quot;:null,&quot;title_padding&quot;:&quot;&quot;,&quot;show_chart_tooltip&quot;:&quot;yes&quot;,&quot;tooltips_percent&quot;:&quot;true&quot;,&quot;chart_interaction_mode&quot;:&quot;point&quot;,&quot;tooltip_position&quot;:&quot;nearest&quot;,&quot;tooltip_padding&quot;:5,&quot;tooltip_caret_size&quot;:10,&quot;tooltip_caret_size_mobile&quot;:0,&quot;chart_tooltip_bg_color&quot;:&quot;&quot;,&quot;chart_tooltip_title_color&quot;:&quot;#FFF&quot;,&quot;chart_tooltip_title_font&quot;:&quot;Poppins&quot;,&quot;chart_tooltip_title_font_size&quot;:12,&quot;chart_tooltip_title_align&quot;:&quot;center&quot;,&quot;chart_tooltip_title_margin_bottom&quot;:10,&quot;chart_tooltip_item_color&quot;:&quot;#FFF&quot;,&quot;chart_tooltip_item_font&quot;:&quot;Poppins&quot;,&quot;chart_tooltip_item_font_size&quot;:12,&quot;chart_tooltip_item_align&quot;:&quot;center&quot;,&quot;chart_tooltip_item_spacing&quot;:10,&quot;show_lines&quot;:&quot;&quot;,&quot;line_dots&quot;:&quot;&quot;,&quot;line_dots_radius&quot;:&quot;&quot;,&quot;line_dots_radius_mobile&quot;:0,&quot;border_dash_offset&quot;:null,&quot;border_dash_length&quot;:null,&quot;border_dash_spacing&quot;:null,&quot;border_dash_offset_r&quot;:null,&quot;border_dash_length_r&quot;:null,&quot;border_dash_spacing_r&quot;:null,&quot;display_x_axis&quot;:null,&quot;display_x_ticks&quot;:null,&quot;display_x_axis_title&quot;:null,&quot;x_axis_title&quot;:null,&quot;axis_title_color_x&quot;:null,&quot;axis_title_font_family_x&quot;:null,&quot;axis_title_font_style_x&quot;:null,&quot;axis_title_font_weight_x&quot;:null,&quot;axis_title_font_size_x&quot;:&quot;&quot;,&quot;rotation_x&quot;:null,&quot;axis_grid_line_color_x&quot;:null,&quot;grid_line_width_x&quot;:null,&quot;display_y_axis&quot;:null,&quot;display_y_ticks&quot;:null,&quot;y_step_size&quot;:null,&quot;x_step_size&quot;:null,&quot;display_r_axis&quot;:null,&quot;display_r_ticks&quot;:null,&quot;r_step_size&quot;:null,&quot;display_y_axis_title&quot;:null,&quot;y_axis_title&quot;:null,&quot;axis_title_color_y&quot;:null,&quot;axis_title_font_family_y&quot;:null,&quot;axis_title_font_style_y&quot;:null,&quot;axis_title_font_weight_y&quot;:null,&quot;axis_title_font_size_y&quot;:&quot;&quot;,&quot;rotation_y&quot;:null,&quot;axis_grid_line_color_y&quot;:null,&quot;grid_line_width_y&quot;:null,&quot;grid_line_width_r&quot;:null,&quot;axis_grid_line_color_r&quot;:null,&quot;angle_lines_color&quot;:&quot;&quot;,&quot;axis_labels_color&quot;:&quot;&quot;,&quot;axis_labels_bg_color&quot;:&quot;&quot;,&quot;axis_labels_padding&quot;:&quot;&quot;,&quot;min_value&quot;:null,&quot;max_value&quot;:null,&quot;url&quot;:&quot;&quot;,&quot;separator&quot;:null}\"><div class=\"wpr-charts-wrapper\"><canvas class=\"wpr-chart\"><\/canvas><\/div><\/div>\t\t<\/div>\n\t\t\t\t<\/div>\n\t\t\t\t\t<\/div>\n\t\t<\/div>\n\t\t\t\t\t<\/div>\n\t\t<\/section>\n\t\t\t\t<\/div>\n\t\t","protected":false},"excerpt":{"rendered":"<p>SOBRE O EVENTO VIIIWBBBA 2024 VIII Workshop Brasileiro de Biodiversidade e Biotecnologia da Amaz\u00f4nia e o I Simp\u00f3sio Cient\u00edfico de Qu\u00edmica da ABQ Amap\u00e1 SOBRE Eventos marcantes que reunir\u00e3o pesquisadores, estudantes e profissionais para discutir os desafios e oportunidades na interse\u00e7\u00e3o entre biodiversidade, biotecnologia e qu\u00edmica na regi\u00e3o amaz\u00f4nica Com palestras, mesas-redondas e apresenta\u00e7\u00f5es de [&hellip;]<\/p>\n","protected":false},"author":1,"featured_media":0,"parent":0,"menu_order":0,"comment_status":"closed","ping_status":"closed","template":"","meta":{"footnotes":""},"_links":{"self":[{"href":"https:\/\/abq-ap.org.br\/wbbba24\/wp-json\/wp\/v2\/pages\/1413"}],"collection":[{"href":"https:\/\/abq-ap.org.br\/wbbba24\/wp-json\/wp\/v2\/pages"}],"about":[{"href":"https:\/\/abq-ap.org.br\/wbbba24\/wp-json\/wp\/v2\/types\/page"}],"author":[{"embeddable":true,"href":"https:\/\/abq-ap.org.br\/wbbba24\/wp-json\/wp\/v2\/users\/1"}],"replies":[{"embeddable":true,"href":"https:\/\/abq-ap.org.br\/wbbba24\/wp-json\/wp\/v2\/comments?post=1413"}],"version-history":[{"count":7,"href":"https:\/\/abq-ap.org.br\/wbbba24\/wp-json\/wp\/v2\/pages\/1413\/revisions"}],"predecessor-version":[{"id":1420,"href":"https:\/\/abq-ap.org.br\/wbbba24\/wp-json\/wp\/v2\/pages\/1413\/revisions\/1420"}],"wp:attachment":[{"href":"https:\/\/abq-ap.org.br\/wbbba24\/wp-json\/wp\/v2\/media?parent=1413"}],"curies":[{"name":"wp","href":"https:\/\/api.w.org\/{rel}","templated":true}]}}